{"id":27723,"date":"2024-06-17T11:46:13","date_gmt":"2024-06-17T09:46:13","guid":{"rendered":"https:\/\/www.foretdesainthubert-tourisme.be\/netz-der-wanderknotenpunkte\/"},"modified":"2026-02-28T12:28:05","modified_gmt":"2026-02-28T11:28:05","slug":"netz-der-wanderknotenpunkte","status":"publish","type":"page","link":"https:\/\/www.foretdesainthubert-tourisme.be\/de\/netz-der-wanderknotenpunkte\/","title":{"rendered":"Virtuelles \u201apoints-n\u0153uds\u2019 Netzwerk"},"content":{"rendered":"\t\t<div data-elementor-type=\"wp-page\" data-elementor-id=\"27723\" class=\"elementor elementor-27723 elementor-27299\" data-elementor-post-type=\"page\">\n\t\t\t\t\t\t<section class=\"elementor-section elementor-top-section elementor-element elementor-element-08e4a2e elementor-section-boxed elementor-section-height-default elementor-section-height-default\" data-id=\"08e4a2e\" data-element_type=\"section\" data-e-type=\"section\">\n\t\t\t\t\t\t<div class=\"elementor-container elementor-column-gap-default\">\n\t\t\t\t\t<div class=\"elementor-column elementor-col-100 elementor-top-column elementor-element elementor-element-65c8171\" data-id=\"65c8171\" data-element_type=\"column\" data-e-type=\"column\">\n\t\t\t<div class=\"elementor-widget-wrap elementor-element-populated\">\n\t\t\t\t\t\t<div class=\"elementor-element elementor-element-2ce970d elementor-widget elementor-widget-heading\" data-id=\"2ce970d\" data-element_type=\"widget\" data-e-type=\"widget\" data-widget_type=\"heading.default\">\n\t\t\t\t\t<h1 class=\"elementor-heading-title elementor-size-default\">Eigenen Wanderweg mit den virtuellen \u201apoints-noeuds\u2018 aufstellen<\/h1>\t\t\t\t<\/div>\n\t\t\t\t\t<\/div>\n\t\t<\/div>\n\t\t\t\t\t<\/div>\n\t\t<\/section>\n\t\t\t\t<section class=\"elementor-section elementor-top-section elementor-element elementor-element-b0e7839 elementor-section-boxed elementor-section-height-default elementor-section-height-default\" data-id=\"b0e7839\" data-element_type=\"section\" data-e-type=\"section\">\n\t\t\t\t\t\t<div class=\"elementor-container elementor-column-gap-default\">\n\t\t\t\t\t<div class=\"elementor-column elementor-col-100 elementor-top-column elementor-element elementor-element-3697056\" data-id=\"3697056\" data-element_type=\"column\" data-e-type=\"column\">\n\t\t\t<div class=\"elementor-widget-wrap elementor-element-populated\">\n\t\t\t\t\t\t<div class=\"elementor-element elementor-element-6be88a2 elementor-widget elementor-widget-shortcode\" data-id=\"6be88a2\" data-element_type=\"widget\" data-e-type=\"widget\" data-widget_type=\"shortcode.default\">\n\t\t\t\t\t\t\t<div class=\"elementor-shortcode\"><\/div>\n\t\t\t\t\t\t<\/div>\n\t\t\t\t\t<\/div>\n\t\t<\/div>\n\t\t\t\t\t<\/div>\n\t\t<\/section>\n\t\t<div class=\"elementor-element elementor-element-fb6c765 e-flex e-con-boxed e-con e-parent\" data-id=\"fb6c765\" data-element_type=\"container\" data-e-type=\"container\">\n\t\t\t\t\t<div class=\"e-con-inner\">\n\t\t\t\t<div class=\"elementor-element elementor-element-27f0406 elementor-widget elementor-widget-text-editor\" data-id=\"27f0406\" data-element_type=\"widget\" data-e-type=\"widget\" data-widget_type=\"text-editor.default\">\n\t\t\t\t\t\t\t\t\t<ol>\n<li>Klicken Sie auf die Karte, um eine Route zu planen.<\/li>\n<li>Zeigen Sie Sehensw\u00fcrdigkeiten (Restaurants, Unterk\u00fcnfte, Ausflugsziele usw.) auf der Karte an und kombinieren Sie diese mit der Route.<\/li>\n<li>\u00d6ffnen Sie den Reiseplan, um die Etappen und praktischen Informationen zur Route anzuzeigen.<\/li>\n<li>Sehen Sie sich die in der Cirkwi-App erstellte Route an oder laden Sie die GPX-Datei und die Roadmap kostenlos herunter. Es gibt keine Markierungen vor Ort.<\/li>\n<\/ol>\n<p>Mit der Option \u201eJagdzeit\u201d k\u00f6nnen Sie ganz einfach \u00fcberpr\u00fcfen, ob die Wege zum ausgew\u00e4hlten Datum befahrbar sind. Geben Sie ein Datum oder einen Zeitraum in den Kalender ein. Die gesperrten Bereiche werden auf der Karte rot angezeigt.<\/p>\n<p>Bitte beachten Sie, dass die in diesem Tool angezeigten Informationen nur zu Informationszwecken dienen. Nur die an den Eing\u00e4ngen zu W\u00e4ldern und Forsten angebrachten Verkehrsverbotsschilder sind rechtsg\u00fcltig. Die Einhaltung dieser Schilder hat Vorrang. Weitere Informationen finden Sie auf der Seite Spazierengehen w\u00e4hrend der Jagdsaison.<\/p>\n\t\t\t\t\t\t\t\t<\/div>\n\t\t\t\t\t<\/div>\n\t\t\t\t<\/div>\n\t\t\t\t<section class=\"elementor-section elementor-top-section elementor-element elementor-element-a5c3b25 elementor-section-boxed elementor-section-height-default elementor-section-height-default\" data-id=\"a5c3b25\" data-element_type=\"section\" data-e-type=\"section\">\n\t\t\t\t\t\t<div class=\"elementor-container elementor-column-gap-default\">\n\t\t\t\t\t<div class=\"elementor-column elementor-col-20 elementor-top-column elementor-element elementor-element-3ac1c3b\" data-id=\"3ac1c3b\" data-element_type=\"column\" data-e-type=\"column\">\n\t\t\t<div class=\"elementor-widget-wrap\">\n\t\t\t\t\t\t\t<\/div>\n\t\t<\/div>\n\t\t\t\t<div class=\"elementor-column elementor-col-20 elementor-top-column elementor-element elementor-element-76d6194\" data-id=\"76d6194\" data-element_type=\"column\" data-e-type=\"column\">\n\t\t\t<div class=\"elementor-widget-wrap elementor-element-populated\">\n\t\t\t\t\t\t<div class=\"elementor-element elementor-element-67d8b92 elementor-widget elementor-widget-image\" data-id=\"67d8b92\" data-element_type=\"widget\" data-e-type=\"widget\" data-widget_type=\"image.default\">\n\t\t\t\t\t\t\t\t\t\t\t\t\t\t\t<img fetchpriority=\"high\" decoding=\"async\" width=\"300\" height=\"300\" src=\"https:\/\/www.foretdesainthubert-tourisme.be\/wp-content\/uploads\/2024\/09\/Logo_Forets_RND_SaintHubert-300x300.jpg\" class=\"attachment-medium size-medium wp-image-30931\" alt=\"\" srcset=\"https:\/\/www.foretdesainthubert-tourisme.be\/wp-content\/uploads\/2024\/09\/Logo_Forets_RND_SaintHubert-300x300.jpg 300w, https:\/\/www.foretdesainthubert-tourisme.be\/wp-content\/uploads\/2024\/09\/Logo_Forets_RND_SaintHubert-150x150.jpg 150w, https:\/\/www.foretdesainthubert-tourisme.be\/wp-content\/uploads\/2024\/09\/Logo_Forets_RND_SaintHubert.jpg 709w\" sizes=\"(max-width: 300px) 100vw, 300px\" \/>\t\t\t\t\t\t\t\t\t\t\t\t\t\t\t<\/div>\n\t\t\t\t\t<\/div>\n\t\t<\/div>\n\t\t\t\t<div class=\"elementor-column elementor-col-20 elementor-top-column elementor-element elementor-element-6045d4b\" data-id=\"6045d4b\" data-element_type=\"column\" data-e-type=\"column\">\n\t\t\t<div class=\"elementor-widget-wrap elementor-element-populated\">\n\t\t\t\t\t\t<div class=\"elementor-element elementor-element-5394aec elementor-widget elementor-widget-image\" data-id=\"5394aec\" data-element_type=\"widget\" data-e-type=\"widget\" data-widget_type=\"image.default\">\n\t\t\t\t\t\t\t\t\t\t\t\t\t\t\t<img decoding=\"async\" width=\"300\" height=\"233\" src=\"https:\/\/www.foretdesainthubert-tourisme.be\/wp-content\/uploads\/2024\/09\/Logo-Europe-300x233.jpg\" class=\"attachment-medium size-medium wp-image-30935\" alt=\"\" srcset=\"https:\/\/www.foretdesainthubert-tourisme.be\/wp-content\/uploads\/2024\/09\/Logo-Europe-300x233.jpg 300w, https:\/\/www.foretdesainthubert-tourisme.be\/wp-content\/uploads\/2024\/09\/Logo-Europe-768x595.jpg 768w, https:\/\/www.foretdesainthubert-tourisme.be\/wp-content\/uploads\/2024\/09\/Logo-Europe.jpg 868w\" sizes=\"(max-width: 300px) 100vw, 300px\" \/>\t\t\t\t\t\t\t\t\t\t\t\t\t\t\t<\/div>\n\t\t\t\t\t<\/div>\n\t\t<\/div>\n\t\t\t\t<div class=\"elementor-column elementor-col-20 elementor-top-column elementor-element elementor-element-05598f0\" data-id=\"05598f0\" data-element_type=\"column\" data-e-type=\"column\">\n\t\t\t<div class=\"elementor-widget-wrap elementor-element-populated\">\n\t\t\t\t\t\t<div class=\"elementor-element elementor-element-e32fb74 elementor-widget elementor-widget-image\" data-id=\"e32fb74\" data-element_type=\"widget\" data-e-type=\"widget\" data-widget_type=\"image.default\">\n\t\t\t\t\t\t\t\t\t\t\t\t\t\t\t<img decoding=\"async\" width=\"300\" height=\"214\" src=\"https:\/\/www.foretdesainthubert-tourisme.be\/wp-content\/uploads\/2024\/09\/l_ver_rvb-300x214.png\" class=\"attachment-medium size-medium wp-image-30939\" alt=\"\" srcset=\"https:\/\/www.foretdesainthubert-tourisme.be\/wp-content\/uploads\/2024\/09\/l_ver_rvb-300x214.png 300w, https:\/\/www.foretdesainthubert-tourisme.be\/wp-content\/uploads\/2024\/09\/l_ver_rvb-1024x731.png 1024w, https:\/\/www.foretdesainthubert-tourisme.be\/wp-content\/uploads\/2024\/09\/l_ver_rvb-768x548.png 768w, https:\/\/www.foretdesainthubert-tourisme.be\/wp-content\/uploads\/2024\/09\/l_ver_rvb.png 1181w\" sizes=\"(max-width: 300px) 100vw, 300px\" \/>\t\t\t\t\t\t\t\t\t\t\t\t\t\t\t<\/div>\n\t\t\t\t\t<\/div>\n\t\t<\/div>\n\t\t\t\t<div class=\"elementor-column elementor-col-20 elementor-top-column elementor-element elementor-element-e1cf456\" data-id=\"e1cf456\" data-element_type=\"column\" data-e-type=\"column\">\n\t\t\t<div class=\"elementor-widget-wrap\">\n\t\t\t\t\t\t\t<\/div>\n\t\t<\/div>\n\t\t\t\t\t<\/div>\n\t\t<\/section>\n\t\t\t\t<section class=\"elementor-section elementor-top-section elementor-element elementor-element-2ec1429 elementor-section-boxed elementor-section-height-default elementor-section-height-default\" data-id=\"2ec1429\" data-element_type=\"section\" data-e-type=\"section\">\n\t\t\t\t\t\t<div class=\"elementor-container elementor-column-gap-default\">\n\t\t\t\t\t<div class=\"elementor-column elementor-col-100 elementor-top-column elementor-element elementor-element-6c32ab1\" data-id=\"6c32ab1\" data-element_type=\"column\" data-e-type=\"column\">\n\t\t\t<div class=\"elementor-widget-wrap elementor-element-populated\">\n\t\t\t\t\t\t<div class=\"elementor-element elementor-element-45724bc elementor-widget elementor-widget-text-editor\" data-id=\"45724bc\" data-element_type=\"widget\" data-e-type=\"widget\" data-widget_type=\"text-editor.default\">\n\t\t\t\t\t\t\t\t\t<p>Dieses Tool wurde von der Grande For\u00eat de Saint-Hubert im Rahmen des europ\u00e4ischen Projekts zur touristischen Aufwertung des Waldgebiets Grande For\u00eat de Saint-Hubert entwickelt.<br \/>In Zusammenarbeit mit dem Fremdenverkehrsamt Maison du Tourisme de la For\u00eat de Saint-Hubert und den Partnergemeinden.<\/p>\n\t\t\t\t\t\t\t\t<\/div>\n\t\t\t\t\t<\/div>\n\t\t<\/div>\n\t\t\t\t\t<\/div>\n\t\t<\/section>\n\t\t\t\t<\/div>\n\t\t","protected":false},"excerpt":{"rendered":"<p>Eigenen Wanderweg mit den virtuellen \u201apoints-noeuds\u2018 aufstellen Klicken Sie auf die Karte, um eine Route zu planen. Zeigen Sie Sehensw\u00fcrdigkeiten (Restaurants, Unterk\u00fcnfte, Ausflugsziele usw.) auf der Karte an und kombinieren Sie diese mit der Route. \u00d6ffnen Sie den Reiseplan, um die Etappen und praktischen Informationen zur Route anzuzeigen. Sehen Sie sich die in der Cirkwi-App [&hellip;]<\/p>\n","protected":false},"author":7,"featured_media":31131,"parent":0,"menu_order":0,"comment_status":"closed","ping_status":"closed","template":"","meta":{"_seopress_robots_primary_cat":"","_seopress_titles_title":"","_seopress_titles_desc":"","_seopress_robots_index":"","site-sidebar-layout":"no-sidebar","site-content-layout":"page-builder","ast-site-content-layout":"full-width-container","site-content-style":"default","site-sidebar-style":"default","ast-global-header-display":"","ast-banner-title-visibility":"","ast-main-header-display":"","ast-hfb-above-header-display":"","ast-hfb-below-header-display":"","ast-hfb-mobile-header-display":"","site-post-title":"disabled","ast-breadcrumbs-content":"","ast-featured-img":"disabled","footer-sml-layout":"","ast-disable-related-posts":"","theme-transparent-header-meta":"default","adv-header-id-meta":"","stick-header-meta":"","header-above-stick-meta":"","header-main-stick-meta":"","header-below-stick-meta":"","astra-migrate-meta-layouts":"default","ast-page-background-enabled":"default","ast-page-background-meta":{"desktop":{"background-color":"","background-image":"","background-repeat":"repeat","background-position":"center center","background-size":"auto","background-attachment":"scroll","background-type":"","background-media":"","overlay-type":"","overlay-color":"","overlay-opacity":"","overlay-gradient":""},"tablet":{"background-color":"","background-image":"","background-repeat":"repeat","background-position":"center center","background-size":"auto","background-attachment":"scroll","background-type":"","background-media":"","overlay-type":"","overlay-color":"","overlay-opacity":"","overlay-gradient":""},"mobile":{"background-color":"","background-image":"","background-repeat":"repeat","background-position":"center center","background-size":"auto","background-attachment":"scroll","background-type":"","background-media":"","overlay-type":"","overlay-color":"","overlay-opacity":"","overlay-gradient":""}},"ast-content-background-meta":{"desktop":{"background-color":"var(--ast-global-color-5)","background-image":"","background-repeat":"repeat","background-position":"center center","background-size":"auto","background-attachment":"scroll","background-type":"","background-media":"","overlay-type":"","overlay-color":"","overlay-opacity":"","overlay-gradient":""},"tablet":{"background-color":"var(--ast-global-color-5)","background-image":"","background-repeat":"repeat","background-position":"center center","background-size":"auto","background-attachment":"scroll","background-type":"","background-media":"","overlay-type":"","overlay-color":"","overlay-opacity":"","overlay-gradient":""},"mobile":{"background-color":"var(--ast-global-color-5)","background-image":"","background-repeat":"repeat","background-position":"center center","background-size":"auto","background-attachment":"scroll","background-type":"","background-media":"","overlay-type":"","overlay-color":"","overlay-opacity":"","overlay-gradient":""}},"footnotes":""},"categories":[],"class_list":["post-27723","page","type-page","status-publish","has-post-thumbnail","hentry"],"_links":{"self":[{"href":"https:\/\/www.foretdesainthubert-tourisme.be\/de\/wp-json\/wp\/v2\/pages\/27723","targetHints":{"allow":["GET"]}}],"collection":[{"href":"https:\/\/www.foretdesainthubert-tourisme.be\/de\/wp-json\/wp\/v2\/pages"}],"about":[{"href":"https:\/\/www.foretdesainthubert-tourisme.be\/de\/wp-json\/wp\/v2\/types\/page"}],"author":[{"embeddable":true,"href":"https:\/\/www.foretdesainthubert-tourisme.be\/de\/wp-json\/wp\/v2\/users\/7"}],"replies":[{"embeddable":true,"href":"https:\/\/www.foretdesainthubert-tourisme.be\/de\/wp-json\/wp\/v2\/comments?post=27723"}],"version-history":[{"count":5,"href":"https:\/\/www.foretdesainthubert-tourisme.be\/de\/wp-json\/wp\/v2\/pages\/27723\/revisions"}],"predecessor-version":[{"id":36758,"href":"https:\/\/www.foretdesainthubert-tourisme.be\/de\/wp-json\/wp\/v2\/pages\/27723\/revisions\/36758"}],"wp:featuredmedia":[{"embeddable":true,"href":"https:\/\/www.foretdesainthubert-tourisme.be\/de\/wp-json\/wp\/v2\/media\/31131"}],"wp:attachment":[{"href":"https:\/\/www.foretdesainthubert-tourisme.be\/de\/wp-json\/wp\/v2\/media?parent=27723"}],"wp:term":[{"taxonomy":"category","embeddable":true,"href":"https:\/\/www.foretdesainthubert-tourisme.be\/de\/wp-json\/wp\/v2\/categories?post=27723"}],"curies":[{"name":"wp","href":"https:\/\/api.w.org\/{rel}","templated":true}]}}