{"id":7640,"date":"2021-03-29T13:13:20","date_gmt":"2021-03-29T11:13:20","guid":{"rendered":"https:\/\/www.foretdesainthubert-tourisme.be\/entsprechend-der-wanderung\/"},"modified":"2026-02-28T12:19:16","modified_gmt":"2026-02-28T11:19:16","slug":"entsprechend-der-wanderung","status":"publish","type":"page","link":"https:\/\/www.foretdesainthubert-tourisme.be\/de\/entsprechend-der-wanderung\/","title":{"rendered":"Panoramas"},"content":{"rendered":"\t\t<div data-elementor-type=\"wp-page\" data-elementor-id=\"7640\" class=\"elementor elementor-7640 elementor-2421\" data-elementor-post-type=\"page\">\n\t\t\t\t\t\t<section class=\"elementor-section elementor-top-section elementor-element elementor-element-2f0322f6 elementor-section-full_width elementor-section-height-default elementor-section-height-default\" data-id=\"2f0322f6\" data-element_type=\"section\" data-e-type=\"section\" data-settings=\"{&quot;background_background&quot;:&quot;slideshow&quot;,&quot;background_slideshow_gallery&quot;:[{&quot;id&quot;:35350,&quot;url&quot;:&quot;https:\\\/\\\/www.foretdesainthubert-tourisme.be\\\/wp-content\\\/uploads\\\/2025\\\/12\\\/promenade-wery-et-variantemtfsh-texto_pascal_willems_120-scaled.webp&quot;}],&quot;background_slideshow_loop&quot;:&quot;yes&quot;,&quot;background_slideshow_slide_duration&quot;:5000,&quot;background_slideshow_slide_transition&quot;:&quot;fade&quot;,&quot;background_slideshow_transition_duration&quot;:500}\">\n\t\t\t\t\t\t\t<div class=\"elementor-background-overlay\"><\/div>\n\t\t\t\t\t\t\t<div class=\"elementor-container elementor-column-gap-default\">\n\t\t\t\t\t<div class=\"elementor-column elementor-col-100 elementor-top-column elementor-element elementor-element-6d0b2fb9\" data-id=\"6d0b2fb9\" data-element_type=\"column\" data-e-type=\"column\">\n\t\t\t<div class=\"elementor-widget-wrap elementor-element-populated\">\n\t\t\t\t\t\t\t<\/div>\n\t\t<\/div>\n\t\t\t\t\t<\/div>\n\t\t<\/section>\n\t\t\t\t<section class=\"elementor-section elementor-top-section elementor-element elementor-element-cbbdb31 elementor-section-boxed elementor-section-height-default elementor-section-height-default\" data-id=\"cbbdb31\" data-element_type=\"section\" data-e-type=\"section\">\n\t\t\t\t\t\t<div class=\"elementor-container elementor-column-gap-default\">\n\t\t\t\t\t<div class=\"elementor-column elementor-col-100 elementor-top-column elementor-element elementor-element-877d9e5\" data-id=\"877d9e5\" data-element_type=\"column\" data-e-type=\"column\">\n\t\t\t<div class=\"elementor-widget-wrap elementor-element-populated\">\n\t\t\t\t\t\t<div class=\"elementor-element elementor-element-88f2a10 elementor-widget elementor-widget-heading\" data-id=\"88f2a10\" data-element_type=\"widget\" data-e-type=\"widget\" data-widget_type=\"heading.default\">\n\t\t\t\t\t<h1 class=\"elementor-heading-title elementor-size-default\">bei Spazierg\u00e4ngen zu entdecken...<\/h1>\t\t\t\t<\/div>\n\t\t\t\t\t<\/div>\n\t\t<\/div>\n\t\t\t\t\t<\/div>\n\t\t<\/section>\n\t\t\t\t<section class=\"elementor-section elementor-top-section elementor-element elementor-element-9a9fe27 elementor-section-boxed elementor-section-height-default elementor-section-height-default\" data-id=\"9a9fe27\" data-element_type=\"section\" data-e-type=\"section\">\n\t\t\t\t\t\t<div class=\"elementor-container elementor-column-gap-default\">\n\t\t\t\t\t<div class=\"elementor-column elementor-col-100 elementor-top-column elementor-element elementor-element-ad1a80c\" data-id=\"ad1a80c\" data-element_type=\"column\" data-e-type=\"column\">\n\t\t\t<div class=\"elementor-widget-wrap elementor-element-populated\">\n\t\t\t\t\t\t<div class=\"elementor-element elementor-element-3d5be3f elementor-widget elementor-widget-heading\" data-id=\"3d5be3f\" data-element_type=\"widget\" data-e-type=\"widget\" data-widget_type=\"heading.default\">\n\t\t\t\t\t<h2 class=\"elementor-heading-title elementor-size-default\">Wildbeobachtungspl\u00e4tze<\/h2>\t\t\t\t<\/div>\n\t\t\t\t\t<\/div>\n\t\t<\/div>\n\t\t\t\t\t<\/div>\n\t\t<\/section>\n\t\t\t\t<section class=\"elementor-section elementor-top-section elementor-element elementor-element-b6bcade elementor-section-boxed elementor-section-height-default elementor-section-height-default\" data-id=\"b6bcade\" data-element_type=\"section\" data-e-type=\"section\">\n\t\t\t\t\t\t<div class=\"elementor-container elementor-column-gap-default\">\n\t\t\t\t\t<div class=\"elementor-column elementor-col-33 elementor-top-column elementor-element elementor-element-9a4d16a\" data-id=\"9a4d16a\" data-element_type=\"column\" data-e-type=\"column\">\n\t\t\t<div class=\"elementor-widget-wrap elementor-element-populated\">\n\t\t\t\t\t\t<div class=\"elementor-element elementor-element-4778b04 elementor-widget elementor-widget-image\" data-id=\"4778b04\" data-element_type=\"widget\" data-e-type=\"widget\" data-widget_type=\"image.default\">\n\t\t\t\t\t\t\t\t\t\t\t\t\t\t\t<img fetchpriority=\"high\" decoding=\"async\" width=\"1024\" height=\"716\" src=\"https:\/\/www.foretdesainthubert-tourisme.be\/wp-content\/uploads\/2025\/12\/sainthubert_promenade_de_la_bilaudemtfsh-texto_pascal_willems_395-1024x716.webp\" class=\"attachment-large size-large wp-image-35354\" alt=\"\" srcset=\"https:\/\/www.foretdesainthubert-tourisme.be\/wp-content\/uploads\/2025\/12\/sainthubert_promenade_de_la_bilaudemtfsh-texto_pascal_willems_395-1024x716.webp 1024w, https:\/\/www.foretdesainthubert-tourisme.be\/wp-content\/uploads\/2025\/12\/sainthubert_promenade_de_la_bilaudemtfsh-texto_pascal_willems_395-300x210.webp 300w, https:\/\/www.foretdesainthubert-tourisme.be\/wp-content\/uploads\/2025\/12\/sainthubert_promenade_de_la_bilaudemtfsh-texto_pascal_willems_395-768x537.webp 768w, https:\/\/www.foretdesainthubert-tourisme.be\/wp-content\/uploads\/2025\/12\/sainthubert_promenade_de_la_bilaudemtfsh-texto_pascal_willems_395-1536x1074.webp 1536w, https:\/\/www.foretdesainthubert-tourisme.be\/wp-content\/uploads\/2025\/12\/sainthubert_promenade_de_la_bilaudemtfsh-texto_pascal_willems_395-2048x1432.webp 2048w, https:\/\/www.foretdesainthubert-tourisme.be\/wp-content\/uploads\/2025\/12\/sainthubert_promenade_de_la_bilaudemtfsh-texto_pascal_willems_395-450x315.webp 450w, https:\/\/www.foretdesainthubert-tourisme.be\/wp-content\/uploads\/2025\/12\/sainthubert_promenade_de_la_bilaudemtfsh-texto_pascal_willems_395-scaled.webp 2000w\" sizes=\"(max-width: 1024px) 100vw, 1024px\" \/>\t\t\t\t\t\t\t\t\t\t\t\t\t\t\t<\/div>\n\t\t\t\t\t<\/div>\n\t\t<\/div>\n\t\t\t\t<div class=\"elementor-column elementor-col-66 elementor-top-column elementor-element elementor-element-b7516e3\" data-id=\"b7516e3\" data-element_type=\"column\" data-e-type=\"column\">\n\t\t\t<div class=\"elementor-widget-wrap elementor-element-populated\">\n\t\t\t\t\t\t<div class=\"elementor-element elementor-element-0aa0c56 elementor-widget elementor-widget-text-editor\" data-id=\"0aa0c56\" data-element_type=\"widget\" data-e-type=\"widget\" data-widget_type=\"text-editor.default\">\n\t\t\t\t\t\t\t\t\t<p>Im Saint-Hubert Forest wurden verschiedene Bereiche eingerichtet, um die Beobachtung des Wildes und seiner nat\u00fcrlichen Lebensr\u00e4ume zu erm\u00f6glichen. Die Ruhe ist hier besonders wichtig&#8230;<\/p>\n<p>Die Spazierg\u00e4nge, die Sie unternehmen k\u00f6nnen, um sie zu entdecken, sind:<\/p>\n<ul>\n<li>Spaziergang Nr. 7 auf der Karte von Tenneville zur &#8222;Aire de Fagne \u00e0<strong> la <\/strong>Fontaine&#8220; und dem &#8222;Tour de Priesse&#8220;.<\/li>\n<li>Wanderung Nr. 7 auf der Karte von Tenneville und Wanderung Nr. 4 auf der Karte \u201eAu Pays de Saint-Hubert\u201c zur Tenne von Bilaude.<\/li>\n<li>Wanderung Nr. 8 auf der Karte \u201eEntre rivi\u00e8res et for\u00eat\u201c zur Amonys-Area<\/li>\n<\/ul>\n\t\t\t\t\t\t\t\t<\/div>\n\t\t\t\t\t<\/div>\n\t\t<\/div>\n\t\t\t\t\t<\/div>\n\t\t<\/section>\n\t\t\t\t<section class=\"elementor-section elementor-top-section elementor-element elementor-element-49947d1 elementor-section-boxed elementor-section-height-default elementor-section-height-default\" data-id=\"49947d1\" data-element_type=\"section\" data-e-type=\"section\">\n\t\t\t\t\t\t<div class=\"elementor-container elementor-column-gap-default\">\n\t\t\t\t\t<div class=\"elementor-column elementor-col-100 elementor-top-column elementor-element elementor-element-9bfb2bf\" data-id=\"9bfb2bf\" data-element_type=\"column\" data-e-type=\"column\">\n\t\t\t<div class=\"elementor-widget-wrap elementor-element-populated\">\n\t\t\t\t\t\t<div class=\"elementor-element elementor-element-c90b489 elementor-widget elementor-widget-heading\" data-id=\"c90b489\" data-element_type=\"widget\" data-e-type=\"widget\" data-widget_type=\"heading.default\">\n\t\t\t\t\t<h2 class=\"elementor-heading-title elementor-size-default\">Naturschutzgebiete und Feuchtgebiete<\/h2>\t\t\t\t<\/div>\n\t\t\t\t\t<\/div>\n\t\t<\/div>\n\t\t\t\t\t<\/div>\n\t\t<\/section>\n\t\t\t\t<section class=\"elementor-section elementor-top-section elementor-element elementor-element-ca74235 elementor-section-boxed elementor-section-height-default elementor-section-height-default\" data-id=\"ca74235\" data-element_type=\"section\" data-e-type=\"section\">\n\t\t\t\t\t\t<div class=\"elementor-container elementor-column-gap-default\">\n\t\t\t\t\t<div class=\"elementor-column elementor-col-33 elementor-top-column elementor-element elementor-element-cee264d\" data-id=\"cee264d\" data-element_type=\"column\" data-e-type=\"column\">\n\t\t\t<div class=\"elementor-widget-wrap elementor-element-populated\">\n\t\t\t\t\t\t<div class=\"elementor-element elementor-element-f4200c8 elementor-widget elementor-widget-image\" data-id=\"f4200c8\" data-element_type=\"widget\" data-e-type=\"widget\" data-widget_type=\"image.default\">\n\t\t\t\t\t\t\t\t\t\t\t\t\t\t\t<img decoding=\"async\" width=\"1024\" height=\"709\" src=\"https:\/\/www.foretdesainthubert-tourisme.be\/wp-content\/uploads\/2025\/12\/tellin_promenade_des_alouinsmtfsh-texto_pascal_willems_71-1024x709.webp\" class=\"attachment-large size-large wp-image-35358\" alt=\"\" srcset=\"https:\/\/www.foretdesainthubert-tourisme.be\/wp-content\/uploads\/2025\/12\/tellin_promenade_des_alouinsmtfsh-texto_pascal_willems_71-1024x709.webp 1024w, https:\/\/www.foretdesainthubert-tourisme.be\/wp-content\/uploads\/2025\/12\/tellin_promenade_des_alouinsmtfsh-texto_pascal_willems_71-300x208.webp 300w, https:\/\/www.foretdesainthubert-tourisme.be\/wp-content\/uploads\/2025\/12\/tellin_promenade_des_alouinsmtfsh-texto_pascal_willems_71-768x532.webp 768w, https:\/\/www.foretdesainthubert-tourisme.be\/wp-content\/uploads\/2025\/12\/tellin_promenade_des_alouinsmtfsh-texto_pascal_willems_71-1536x1063.webp 1536w, https:\/\/www.foretdesainthubert-tourisme.be\/wp-content\/uploads\/2025\/12\/tellin_promenade_des_alouinsmtfsh-texto_pascal_willems_71-2048x1418.webp 2048w, https:\/\/www.foretdesainthubert-tourisme.be\/wp-content\/uploads\/2025\/12\/tellin_promenade_des_alouinsmtfsh-texto_pascal_willems_71-450x312.webp 450w, https:\/\/www.foretdesainthubert-tourisme.be\/wp-content\/uploads\/2025\/12\/tellin_promenade_des_alouinsmtfsh-texto_pascal_willems_71-scaled.webp 2000w\" sizes=\"(max-width: 1024px) 100vw, 1024px\" \/>\t\t\t\t\t\t\t\t\t\t\t\t\t\t\t<\/div>\n\t\t\t\t\t<\/div>\n\t\t<\/div>\n\t\t\t\t<div class=\"elementor-column elementor-col-66 elementor-top-column elementor-element elementor-element-b6dc71d\" data-id=\"b6dc71d\" data-element_type=\"column\" data-e-type=\"column\">\n\t\t\t<div class=\"elementor-widget-wrap elementor-element-populated\">\n\t\t\t\t\t\t<div class=\"elementor-element elementor-element-4b3a44f elementor-widget elementor-widget-text-editor\" data-id=\"4b3a44f\" data-element_type=\"widget\" data-e-type=\"widget\" data-widget_type=\"text-editor.default\">\n\t\t\t\t\t\t\t\t\t<p>Entlang der Wanderwege befinden sich mehrere Naturschutzgebiete und Feuchtgebiete:<\/p>\n<ul>\n<li>die ehemaligen Torfgruben entlang des Wanderwegs \u201eLes troufferies\u201c ab Roumont-Ochamps (6 km)<\/li>\n<li>die Torfmoorw\u00e4lder von Rouge Ponc\u00e9 entlang des Wanderwegs Nr. 7 auf der Karte \u201eEntre rivi\u00e8res et for\u00eat\u201c (9,7 km)<\/li>\n<li>das Naturschutzgebiet Les Pair\u00e9es auf dem Wanderweg \u201eR\u00e9serve domaniale\u201c ab Resteigne (4 km)<\/li>\n<li>die Fagne du M\u00e2 d&#8217;Eau auf dem Rundweg ab Tellin (12,8 km)<\/li>\n<li>das Moorgebiet Fagne des Anomalies ab S\u00e9vicourt bei einem kurzen Rundspaziergang<\/li>\n<li>das Feuchtgebiet von Lomprez auf dem Lehrpfad (ca. 30 Minuten)<\/li>\n<li>die Teiche von Luchy zwischen Libramont und Bertrix<\/li>\n<\/ul>\n\t\t\t\t\t\t\t\t<\/div>\n\t\t\t\t\t<\/div>\n\t\t<\/div>\n\t\t\t\t\t<\/div>\n\t\t<\/section>\n\t\t\t\t<section class=\"elementor-section elementor-top-section elementor-element elementor-element-30ccfea elementor-section-boxed elementor-section-height-default elementor-section-height-default\" data-id=\"30ccfea\" data-element_type=\"section\" data-e-type=\"section\">\n\t\t\t\t\t\t<div class=\"elementor-container elementor-column-gap-default\">\n\t\t\t\t\t<div class=\"elementor-column elementor-col-100 elementor-top-column elementor-element elementor-element-9352bc9\" data-id=\"9352bc9\" data-element_type=\"column\" data-e-type=\"column\">\n\t\t\t<div class=\"elementor-widget-wrap elementor-element-populated\">\n\t\t\t\t\t\t<div class=\"elementor-element elementor-element-340b6ad elementor-widget elementor-widget-heading\" data-id=\"340b6ad\" data-element_type=\"widget\" data-e-type=\"widget\" data-widget_type=\"heading.default\">\n\t\t\t\t\t<h2 class=\"elementor-heading-title elementor-size-default\">Die Gesichtspunkte<\/h2>\t\t\t\t<\/div>\n\t\t\t\t\t<\/div>\n\t\t<\/div>\n\t\t\t\t\t<\/div>\n\t\t<\/section>\n\t\t\t\t<section class=\"elementor-section elementor-top-section elementor-element elementor-element-3ee50ea elementor-section-boxed elementor-section-height-default elementor-section-height-default\" data-id=\"3ee50ea\" data-element_type=\"section\" data-e-type=\"section\">\n\t\t\t\t\t\t<div class=\"elementor-container elementor-column-gap-default\">\n\t\t\t\t\t<div class=\"elementor-column elementor-col-33 elementor-top-column elementor-element elementor-element-f9d021b\" data-id=\"f9d021b\" data-element_type=\"column\" data-e-type=\"column\">\n\t\t\t<div class=\"elementor-widget-wrap elementor-element-populated\">\n\t\t\t\t\t\t<div class=\"elementor-element elementor-element-4e2d875 elementor-widget elementor-widget-image\" data-id=\"4e2d875\" data-element_type=\"widget\" data-e-type=\"widget\" data-widget_type=\"image.default\">\n\t\t\t\t\t\t\t\t\t\t\t\t\t\t\t<img decoding=\"async\" width=\"1024\" height=\"768\" src=\"https:\/\/www.foretdesainthubert-tourisme.be\/wp-content\/uploads\/2025\/12\/circuit-des-eglises-virtuelles-libramontchevigny__mtfsh_-_texto_pascal_wil-1024x768.webp\" class=\"attachment-large size-large wp-image-35362\" alt=\"\" srcset=\"https:\/\/www.foretdesainthubert-tourisme.be\/wp-content\/uploads\/2025\/12\/circuit-des-eglises-virtuelles-libramontchevigny__mtfsh_-_texto_pascal_wil-1024x768.webp 1024w, https:\/\/www.foretdesainthubert-tourisme.be\/wp-content\/uploads\/2025\/12\/circuit-des-eglises-virtuelles-libramontchevigny__mtfsh_-_texto_pascal_wil-300x225.webp 300w, https:\/\/www.foretdesainthubert-tourisme.be\/wp-content\/uploads\/2025\/12\/circuit-des-eglises-virtuelles-libramontchevigny__mtfsh_-_texto_pascal_wil-768x576.webp 768w, https:\/\/www.foretdesainthubert-tourisme.be\/wp-content\/uploads\/2025\/12\/circuit-des-eglises-virtuelles-libramontchevigny__mtfsh_-_texto_pascal_wil-1536x1152.webp 1536w, https:\/\/www.foretdesainthubert-tourisme.be\/wp-content\/uploads\/2025\/12\/circuit-des-eglises-virtuelles-libramontchevigny__mtfsh_-_texto_pascal_wil-2048x1536.webp 2048w, https:\/\/www.foretdesainthubert-tourisme.be\/wp-content\/uploads\/2025\/12\/circuit-des-eglises-virtuelles-libramontchevigny__mtfsh_-_texto_pascal_wil-450x338.webp 450w, https:\/\/www.foretdesainthubert-tourisme.be\/wp-content\/uploads\/2025\/12\/circuit-des-eglises-virtuelles-libramontchevigny__mtfsh_-_texto_pascal_wil-scaled.webp 2000w\" sizes=\"(max-width: 1024px) 100vw, 1024px\" \/>\t\t\t\t\t\t\t\t\t\t\t\t\t\t\t<\/div>\n\t\t\t\t\t<\/div>\n\t\t<\/div>\n\t\t\t\t<div class=\"elementor-column elementor-col-66 elementor-top-column elementor-element elementor-element-0c77e31\" data-id=\"0c77e31\" data-element_type=\"column\" data-e-type=\"column\">\n\t\t\t<div class=\"elementor-widget-wrap elementor-element-populated\">\n\t\t\t\t\t\t<div class=\"elementor-element elementor-element-0bf236f elementor-widget elementor-widget-text-editor\" data-id=\"0bf236f\" data-element_type=\"widget\" data-e-type=\"widget\" data-widget_type=\"text-editor.default\">\n\t\t\t\t\t\t\t\t\t<p>Unter den sch\u00f6nen Aussichtspunkten, die Sie w\u00e4hrend Ihrer Wanderungen im Wald von Saint-Hubert genie\u00dfen k\u00f6nnen, haben wir f\u00fcr Sie folgende ausgew\u00e4hlt:<\/p>\n<ul>\n<li>den Aussichtspunkt der Kapelle von Lorette zwischen Remagne und Moircy<\/li>\n<li>den Aussichtspunkt Rocher \u00e0 Pic zwischen Tellin und Resteigne<\/li>\n<li>den Aussichtspunkt Belv\u00e9d\u00e8re entlang der Promenade von Wery, unweit der Passerelle Maria<\/li>\n<li>das 360\u00b0-Panorama vom Turm Priesse entlang der Promenade von Mochamps<\/li>\n<li>das Panorama vom Aussichtspunkt Borne<\/li>\n<\/ul>\n\t\t\t\t\t\t\t\t<\/div>\n\t\t\t\t\t<\/div>\n\t\t<\/div>\n\t\t\t\t\t<\/div>\n\t\t<\/section>\n\t\t\t\t<section class=\"elementor-section elementor-top-section elementor-element elementor-element-e2b1957 elementor-section-boxed elementor-section-height-default elementor-section-height-default\" data-id=\"e2b1957\" data-element_type=\"section\" data-e-type=\"section\" data-settings=\"{&quot;background_background&quot;:&quot;slideshow&quot;,&quot;background_slideshow_gallery&quot;:[],&quot;background_slideshow_loop&quot;:&quot;yes&quot;,&quot;background_slideshow_slide_duration&quot;:5000,&quot;background_slideshow_slide_transition&quot;:&quot;fade&quot;,&quot;background_slideshow_transition_duration&quot;:500}\">\n\t\t\t\t\t\t<div class=\"elementor-container elementor-column-gap-default\">\n\t\t\t\t\t<div class=\"elementor-column elementor-col-100 elementor-top-column elementor-element elementor-element-e6da719\" data-id=\"e6da719\" data-element_type=\"column\" data-e-type=\"column\" data-settings=\"{&quot;background_background&quot;:&quot;classic&quot;}\">\n\t\t\t<div class=\"elementor-widget-wrap elementor-element-populated\">\n\t\t\t\t\t\t<div class=\"elementor-element elementor-element-443270c content-align-cta-center elementor-widget elementor-widget-eael-cta-box\" data-id=\"443270c\" data-element_type=\"widget\" data-e-type=\"widget\" data-widget_type=\"eael-cta-box.default\">\n\t\t\t\t\t\t\t<div class=\"eael-call-to-action cta-basic bg-img bg-fixed cta-preset-1\">\n        <h2 class=\"title eael-cta-heading\">Lokale Wanderungen<\/h2><a href=\"https:\/\/www.foretdesainthubert-tourisme.be\/les-promenades-locales\/\" class=\"cta-button cta-preset-1  \">Mehr Informationen zu den Wanderkarten<\/a>\t<\/div>\n\t\t\t\t\t\t\t\t<\/div>\n\t\t\t\t\t<\/div>\n\t\t<\/div>\n\t\t\t\t\t<\/div>\n\t\t<\/section>\n\t\t\t\t<\/div>\n\t\t","protected":false},"excerpt":{"rendered":"<p>bei Spazierg\u00e4ngen zu entdecken&#8230; Wildbeobachtungspl\u00e4tze Im Saint-Hubert Forest wurden verschiedene Bereiche eingerichtet, um die Beobachtung des Wildes und seiner nat\u00fcrlichen Lebensr\u00e4ume zu erm\u00f6glichen. Die Ruhe ist hier besonders wichtig&#8230; Die Spazierg\u00e4nge, die Sie unternehmen k\u00f6nnen, um sie zu entdecken, sind: Spaziergang Nr. 7 auf der Karte von Tenneville zur &#8222;Aire de Fagne \u00e0 la Fontaine&#8220; [&hellip;]<\/p>\n","protected":false},"author":2,"featured_media":4091,"parent":0,"menu_order":0,"comment_status":"closed","ping_status":"closed","template":"","meta":{"_seopress_robots_primary_cat":"","_seopress_titles_title":"","_seopress_titles_desc":"","_seopress_robots_index":"","site-sidebar-layout":"no-sidebar","site-content-layout":"page-builder","ast-site-content-layout":"default","site-content-style":"default","site-sidebar-style":"default","ast-global-header-display":"","ast-banner-title-visibility":"","ast-main-header-display":"","ast-hfb-above-header-display":"","ast-hfb-below-header-display":"","ast-hfb-mobile-header-display":"","site-post-title":"disabled","ast-breadcrumbs-content":"","ast-featured-img":"disabled","footer-sml-layout":"","ast-disable-related-posts":"","theme-transparent-header-meta":"default","adv-header-id-meta":"","stick-header-meta":"","header-above-stick-meta":"","header-main-stick-meta":"","header-below-stick-meta":"","astra-migrate-meta-layouts":"default","ast-page-background-enabled":"default","ast-page-background-meta":{"desktop":{"background-color":"","background-image":"","background-repeat":"repeat","background-position":"center center","background-size":"auto","background-attachment":"scroll","background-type":"","background-media":"","overlay-type":"","overlay-color":"","overlay-opacity":"","overlay-gradient":""},"tablet":{"background-color":"","background-image":"","background-repeat":"repeat","background-position":"center center","background-size":"auto","background-attachment":"scroll","background-type":"","background-media":"","overlay-type":"","overlay-color":"","overlay-opacity":"","overlay-gradient":""},"mobile":{"background-color":"","background-image":"","background-repeat":"repeat","background-position":"center center","background-size":"auto","background-attachment":"scroll","background-type":"","background-media":"","overlay-type":"","overlay-color":"","overlay-opacity":"","overlay-gradient":""}},"ast-content-background-meta":{"desktop":{"background-color":"var(--ast-global-color-5)","background-image":"","background-repeat":"repeat","background-position":"center center","background-size":"auto","background-attachment":"scroll","background-type":"","background-media":"","overlay-type":"","overlay-color":"","overlay-opacity":"","overlay-gradient":""},"tablet":{"background-color":"var(--ast-global-color-5)","background-image":"","background-repeat":"repeat","background-position":"center center","background-size":"auto","background-attachment":"scroll","background-type":"","background-media":"","overlay-type":"","overlay-color":"","overlay-opacity":"","overlay-gradient":""},"mobile":{"background-color":"var(--ast-global-color-5)","background-image":"","background-repeat":"repeat","background-position":"center center","background-size":"auto","background-attachment":"scroll","background-type":"","background-media":"","overlay-type":"","overlay-color":"","overlay-opacity":"","overlay-gradient":""}},"footnotes":""},"categories":[],"class_list":["post-7640","page","type-page","status-publish","has-post-thumbnail","hentry"],"_links":{"self":[{"href":"https:\/\/www.foretdesainthubert-tourisme.be\/de\/wp-json\/wp\/v2\/pages\/7640","targetHints":{"allow":["GET"]}}],"collection":[{"href":"https:\/\/www.foretdesainthubert-tourisme.be\/de\/wp-json\/wp\/v2\/pages"}],"about":[{"href":"https:\/\/www.foretdesainthubert-tourisme.be\/de\/wp-json\/wp\/v2\/types\/page"}],"author":[{"embeddable":true,"href":"https:\/\/www.foretdesainthubert-tourisme.be\/de\/wp-json\/wp\/v2\/users\/2"}],"replies":[{"embeddable":true,"href":"https:\/\/www.foretdesainthubert-tourisme.be\/de\/wp-json\/wp\/v2\/comments?post=7640"}],"version-history":[{"count":5,"href":"https:\/\/www.foretdesainthubert-tourisme.be\/de\/wp-json\/wp\/v2\/pages\/7640\/revisions"}],"predecessor-version":[{"id":36742,"href":"https:\/\/www.foretdesainthubert-tourisme.be\/de\/wp-json\/wp\/v2\/pages\/7640\/revisions\/36742"}],"wp:featuredmedia":[{"embeddable":true,"href":"https:\/\/www.foretdesainthubert-tourisme.be\/de\/wp-json\/wp\/v2\/media\/4091"}],"wp:attachment":[{"href":"https:\/\/www.foretdesainthubert-tourisme.be\/de\/wp-json\/wp\/v2\/media?parent=7640"}],"wp:term":[{"taxonomy":"category","embeddable":true,"href":"https:\/\/www.foretdesainthubert-tourisme.be\/de\/wp-json\/wp\/v2\/categories?post=7640"}],"curies":[{"name":"wp","href":"https:\/\/api.w.org\/{rel}","templated":true}]}}