{"id":8558,"date":"2021-04-08T14:44:07","date_gmt":"2021-04-08T12:44:07","guid":{"rendered":"https:\/\/www.foretdesainthubert-tourisme.be\/rechtliches-datenschutz\/"},"modified":"2026-02-28T14:10:39","modified_gmt":"2026-02-28T13:10:39","slug":"rechtliches-datenschutz","status":"publish","type":"page","link":"https:\/\/www.foretdesainthubert-tourisme.be\/de\/rechtliches-datenschutz\/","title":{"rendered":"Rechtliches &amp; Datenschutz"},"content":{"rendered":"\t\t<div data-elementor-type=\"wp-page\" data-elementor-id=\"8558\" class=\"elementor elementor-8558 elementor-6222\" data-elementor-post-type=\"page\">\n\t\t\t\t\t\t<section class=\"elementor-section elementor-top-section elementor-element elementor-element-f695a29 elementor-section-full_width elementor-section-height-default elementor-section-height-default\" data-id=\"f695a29\" data-element_type=\"section\" data-e-type=\"section\" data-settings=\"{&quot;background_background&quot;:&quot;classic&quot;}\">\n\t\t\t\t\t\t\t<div class=\"elementor-background-overlay\"><\/div>\n\t\t\t\t\t\t\t<div class=\"elementor-container elementor-column-gap-default\">\n\t\t\t\t\t<div class=\"elementor-column elementor-col-100 elementor-top-column elementor-element elementor-element-36ae0d85\" data-id=\"36ae0d85\" data-element_type=\"column\" data-e-type=\"column\">\n\t\t\t<div class=\"elementor-widget-wrap elementor-element-populated\">\n\t\t\t\t\t\t\t<\/div>\n\t\t<\/div>\n\t\t\t\t\t<\/div>\n\t\t<\/section>\n\t\t\t\t<section class=\"elementor-section elementor-top-section elementor-element elementor-element-e838fef elementor-section-boxed elementor-section-height-default elementor-section-height-default\" data-id=\"e838fef\" data-element_type=\"section\" data-e-type=\"section\">\n\t\t\t\t\t\t<div class=\"elementor-container elementor-column-gap-default\">\n\t\t\t\t\t<div class=\"elementor-column elementor-col-100 elementor-top-column elementor-element elementor-element-757b1da\" data-id=\"757b1da\" data-element_type=\"column\" data-e-type=\"column\">\n\t\t\t<div class=\"elementor-widget-wrap elementor-element-populated\">\n\t\t\t\t\t\t<div class=\"elementor-element elementor-element-632fb98 elementor-widget elementor-widget-spacer\" data-id=\"632fb98\" data-element_type=\"widget\" data-e-type=\"widget\" data-widget_type=\"spacer.default\">\n\t\t\t\t\t\t\t<div class=\"elementor-spacer\">\n\t\t\t<div class=\"elementor-spacer-inner\"><\/div>\n\t\t<\/div>\n\t\t\t\t\t\t<\/div>\n\t\t\t\t\t<\/div>\n\t\t<\/div>\n\t\t\t\t\t<\/div>\n\t\t<\/section>\n\t\t\t\t<section class=\"elementor-section elementor-top-section elementor-element elementor-element-0f0b757 elementor-section-boxed elementor-section-height-default elementor-section-height-default\" data-id=\"0f0b757\" data-element_type=\"section\" data-e-type=\"section\">\n\t\t\t\t\t\t<div class=\"elementor-container elementor-column-gap-default\">\n\t\t\t\t\t<div class=\"elementor-column elementor-col-100 elementor-top-column elementor-element elementor-element-e451085\" data-id=\"e451085\" data-element_type=\"column\" data-e-type=\"column\">\n\t\t\t<div class=\"elementor-widget-wrap elementor-element-populated\">\n\t\t\t\t\t\t<div class=\"elementor-element elementor-element-15d69d8 elementor-widget elementor-widget-text-editor\" data-id=\"15d69d8\" data-element_type=\"widget\" data-e-type=\"widget\" data-widget_type=\"text-editor.default\">\n\t\t\t\t\t\t\t\t\t<h3><b>Willkommen auf der Website des Maison du Tourisme de la For\u00eat de Saint-Hubert.<\/b><\/h3>\n<p><b><strong>Rechtliche Hinweise<\/strong><\/b><\/p>\n<p>Verantwortlicher Herausgeber: Maison du Tourisme de la For\u00eat de Saint-Hubert asbl<br \/>Hauptsitz: Place du March\u00e9 15 in 6870 Saint-Hubert, Belgien<br \/>BCE-Nummer: 0676.474.832<br \/>Vorsitz: V\u00e9ronique Arnould<br \/>Gesch\u00e4ftsf\u00fchrung: Laurent Vanhex<\/p>\n<p>Diese Website wurde mit Unterst\u00fctzung des Commissariat G\u00e9n\u00e9ral au Tourisme mit WordPress erstellt.<br \/>Ihr Inhalt wird vom Maison du Tourisme sowie seinen \u00f6ffentlichen und privaten Partnern \u00fcber die gemeinsame Datenbank PIVOT in Zusammenarbeit mit der Datenbank HADES aus Belgisch-Luxemburg bereitgestellt. Die angegebenen Preise sind nicht verbindlich.<br \/>Die vorliegende Website wird in Frankreich auf einem Server gehostet, der \u00fcber Schutzinstrumente wie eine Firewall verf\u00fcgt und mithilfe eines SSL-Zertifikats verschl\u00fcsselt ist.<\/p>\n<p>In keinem Fall d\u00fcrfen die Fotos auf dieser Website ohne die schriftliche Genehmigung der betreffenden Fotografen verwendet werden.<br \/>Insbesondere: \u00a9MTFSH-TEXTO Pascal Willems, dbcreation-MTFSH, V\u00e9ronique Wijns, Mathieu Pecheur, Rita Photographies, Ingrid Jusseret, M\u00e9lanie No\u00ebson, FTLB und ATLB, Office du Tourisme de Wellin.<\/p>\n<p>F\u00fcr Fragen \/ Anmerkungen \/ technische Probleme \/ Anfragen zur Nutzung von Inhalten sowie um auf dieser Website zu erscheinen, kontaktieren Sie bitte das Maison du Tourisme per Post an die Adresse des Hauptsitzes, per Telefon (+32 61 61 30 10) oder \u00fcber dieses Formular.<\/p>\n<p><strong>Richtlinien f\u00fcr den Datenschutz<\/strong><\/p>\n<p>Das Maison du Tourisme de la For\u00eat de Saint-Hubert kann verschiedene pers\u00f6nliche Daten sammeln, wenn Sie diese Website nutzen.<br \/>Wir geben Ihnen im Folgenden weitere Informationen dazu.<br \/>Bitte beachten Sie, dass sich die Datenschutzrichtlinie, d. h. die Art und Weise, wie das Maison du Tourisme de la For\u00eat de Saint-Hubert die von Ihnen \u00fcbermittelten Daten nutzt und sch\u00fctzt, im Laufe der Zeit \u00e4ndern kann. Im Falle einer \u00c4nderung wird diese Seite aktualisiert. Achten Sie also darauf, sie von Zeit zu Zeit zu besuchen, um eventuelle \u00c4nderungen ihres Anwendungsbereichs zu verfolgen.<\/p>\n<p><strong>Kontaktformular<\/strong><\/p>\n<p>Wenn Sie mit dem Maison du Tourisme de la For\u00eat de Saint-Hubert \u00fcber das Online-Formular (Rubrik &#8222;Kontakt&#8220;) Kontakt aufnehmen, k\u00f6nnen Sie folgende Daten \u00fcbermitteln:<\/p>\n<p>Vor- und Nachname<br \/>E-Mail-Adresse<br \/>Postanschrift<br \/>Telefonnummer<br \/>Ihre Vorlieben und Interessen<br \/>Das Ausf\u00fcllen s\u00e4mtlicher Felder ist freiwillig. Die \u00dcbermittlung bestimmter Daten an das Maison du Tourisme de la For\u00eat de Saint-Hubert ist jedoch obligatorisch, wenn Ihre Anfrage beispielsweise die Zusendung von Dokumenten auf dem Postweg betrifft oder wenn Sie eine erneute Kontaktaufnahme w\u00fcnschen.<br \/>Diese Daten werden weder kodiert noch in einer Datenbank gespeichert.<\/p>\n<p><strong>Newsletter<\/strong><\/p>\n<p>Um mit dem For\u00eat de Saint-Hubert in Verbindung zu bleiben, k\u00f6nnen Sie sich \u00fcber die Startseite und die Fu\u00dfzeile dieser Website f\u00fcr unseren Newsletter anmelden.<br \/>Dieser wird Ihnen mithilfe des Tools MailChimp zugesandt.<br \/>Bei der Anmeldung wird nur Ihre E-Mail-Adresse abgefragt.<br \/>Sie k\u00f6nnen verlangen, Ihr Profil zu \u00e4ndern. In diesem Fall k\u00f6nnen Sie, wenn Sie dies w\u00fcnschen, Ihren Vor- und Nachnamen sowie Ihr Geburtsdatum angeben. Das Ausf\u00fcllen dieser Daten verhindert nicht den Erhalt unseres Newsletters; es ist keine Pflicht, sondern eine Standardfunktion, die MailChimp anbietet.<br \/>Sie k\u00f6nnen den Newsletter auch automatisch abbestellen.<br \/>Die von Ihnen \u00fcbermittelten Daten werden in einer Datenbank gespeichert, bis Sie sie l\u00f6schen lassen, da wir Ihre E-Mail-Adresse ben\u00f6tigen, um Ihnen weiterhin den Newsletter senden zu k\u00f6nnen.<\/p>\n<p>Informationen \u00fcber Ihre Navigation<\/p>\n<p>Um Ihnen das beste Surferlebnis zu bieten und f\u00fcr statistische Zwecke verwendet diese Website Cookies und Google Analytics (wir verwenden Google Analytics 4 und Google-Signale).<br \/>Wenn Sie Ihre Navigation fortsetzen, stimmen Sie der Speicherung von Cookies zu; bei Ihrem Besuch werden Sie dar\u00fcber informiert, und Sie k\u00f6nnen dies akzeptieren oder ablehnen.<br \/>Die analysierten Daten sind geografischer, demografischer, technologischer und anderer Art. Sie k\u00f6nnen nicht mit einer bestimmten Person in Verbindung gebracht werden.<\/p>\n<p>&nbsp;<\/p>\n\t\t\t\t\t\t\t\t<\/div>\n\t\t\t\t\t<\/div>\n\t\t<\/div>\n\t\t\t\t\t<\/div>\n\t\t<\/section>\n\t\t\t\t<\/div>\n\t\t","protected":false},"excerpt":{"rendered":"<p>Willkommen auf der Website des Maison du Tourisme de la For\u00eat de Saint-Hubert. Rechtliche Hinweise Verantwortlicher Herausgeber: Maison du Tourisme de la For\u00eat de Saint-Hubert asblHauptsitz: Place du March\u00e9 15 in 6870 Saint-Hubert, BelgienBCE-Nummer: 0676.474.832Vorsitz: V\u00e9ronique ArnouldGesch\u00e4ftsf\u00fchrung: Laurent Vanhex Diese Website wurde mit Unterst\u00fctzung des Commissariat G\u00e9n\u00e9ral au Tourisme mit WordPress erstellt.Ihr Inhalt wird vom [&hellip;]<\/p>\n","protected":false},"author":7,"featured_media":6208,"parent":0,"menu_order":0,"comment_status":"closed","ping_status":"closed","template":"","meta":{"_seopress_robots_primary_cat":"","_seopress_titles_title":"","_seopress_titles_desc":"","_seopress_robots_index":"","site-sidebar-layout":"no-sidebar","site-content-layout":"page-builder","ast-site-content-layout":"default","site-content-style":"default","site-sidebar-style":"default","ast-global-header-display":"","ast-banner-title-visibility":"","ast-main-header-display":"","ast-hfb-above-header-display":"","ast-hfb-below-header-display":"","ast-hfb-mobile-header-display":"","site-post-title":"disabled","ast-breadcrumbs-content":"","ast-featured-img":"disabled","footer-sml-layout":"","ast-disable-related-posts":"","theme-transparent-header-meta":"default","adv-header-id-meta":"","stick-header-meta":"","header-above-stick-meta":"","header-main-stick-meta":"","header-below-stick-meta":"","astra-migrate-meta-layouts":"default","ast-page-background-enabled":"default","ast-page-background-meta":{"desktop":{"background-color":"","background-image":"","background-repeat":"repeat","background-position":"center center","background-size":"auto","background-attachment":"scroll","background-type":"","background-media":"","overlay-type":"","overlay-color":"","overlay-opacity":"","overlay-gradient":""},"tablet":{"background-color":"","background-image":"","background-repeat":"repeat","background-position":"center center","background-size":"auto","background-attachment":"scroll","background-type":"","background-media":"","overlay-type":"","overlay-color":"","overlay-opacity":"","overlay-gradient":""},"mobile":{"background-color":"","background-image":"","background-repeat":"repeat","background-position":"center center","background-size":"auto","background-attachment":"scroll","background-type":"","background-media":"","overlay-type":"","overlay-color":"","overlay-opacity":"","overlay-gradient":""}},"ast-content-background-meta":{"desktop":{"background-color":"var(--ast-global-color-5)","background-image":"","background-repeat":"repeat","background-position":"center center","background-size":"auto","background-attachment":"scroll","background-type":"","background-media":"","overlay-type":"","overlay-color":"","overlay-opacity":"","overlay-gradient":""},"tablet":{"background-color":"var(--ast-global-color-5)","background-image":"","background-repeat":"repeat","background-position":"center center","background-size":"auto","background-attachment":"scroll","background-type":"","background-media":"","overlay-type":"","overlay-color":"","overlay-opacity":"","overlay-gradient":""},"mobile":{"background-color":"var(--ast-global-color-5)","background-image":"","background-repeat":"repeat","background-position":"center center","background-size":"auto","background-attachment":"scroll","background-type":"","background-media":"","overlay-type":"","overlay-color":"","overlay-opacity":"","overlay-gradient":""}},"footnotes":""},"categories":[],"class_list":["post-8558","page","type-page","status-publish","has-post-thumbnail","hentry"],"_links":{"self":[{"href":"https:\/\/www.foretdesainthubert-tourisme.be\/de\/wp-json\/wp\/v2\/pages\/8558","targetHints":{"allow":["GET"]}}],"collection":[{"href":"https:\/\/www.foretdesainthubert-tourisme.be\/de\/wp-json\/wp\/v2\/pages"}],"about":[{"href":"https:\/\/www.foretdesainthubert-tourisme.be\/de\/wp-json\/wp\/v2\/types\/page"}],"author":[{"embeddable":true,"href":"https:\/\/www.foretdesainthubert-tourisme.be\/de\/wp-json\/wp\/v2\/users\/7"}],"replies":[{"embeddable":true,"href":"https:\/\/www.foretdesainthubert-tourisme.be\/de\/wp-json\/wp\/v2\/comments?post=8558"}],"version-history":[{"count":5,"href":"https:\/\/www.foretdesainthubert-tourisme.be\/de\/wp-json\/wp\/v2\/pages\/8558\/revisions"}],"predecessor-version":[{"id":36847,"href":"https:\/\/www.foretdesainthubert-tourisme.be\/de\/wp-json\/wp\/v2\/pages\/8558\/revisions\/36847"}],"wp:featuredmedia":[{"embeddable":true,"href":"https:\/\/www.foretdesainthubert-tourisme.be\/de\/wp-json\/wp\/v2\/media\/6208"}],"wp:attachment":[{"href":"https:\/\/www.foretdesainthubert-tourisme.be\/de\/wp-json\/wp\/v2\/media?parent=8558"}],"wp:term":[{"taxonomy":"category","embeddable":true,"href":"https:\/\/www.foretdesainthubert-tourisme.be\/de\/wp-json\/wp\/v2\/categories?post=8558"}],"curies":[{"name":"wp","href":"https:\/\/api.w.org\/{rel}","templated":true}]}}