{"id":13147,"date":"2022-06-17T14:07:33","date_gmt":"2022-06-17T12:07:33","guid":{"rendered":"https:\/\/www.foretdesainthubert-tourisme.be\/brochures\/"},"modified":"2026-05-04T08:51:40","modified_gmt":"2026-05-04T06:51:40","slug":"brochures","status":"publish","type":"page","link":"https:\/\/www.foretdesainthubert-tourisme.be\/en\/brochures\/","title":{"rendered":"Brochures"},"content":{"rendered":"\t\t<div data-elementor-type=\"wp-page\" data-elementor-id=\"13147\" class=\"elementor elementor-13147 elementor-13074\" data-elementor-post-type=\"page\">\n\t\t\t\t\t\t<section class=\"elementor-section elementor-top-section elementor-element elementor-element-5f2c324c elementor-section-full_width elementor-section-height-default elementor-section-height-default\" data-id=\"5f2c324c\" data-element_type=\"section\" data-e-type=\"section\" data-settings=\"{&quot;background_background&quot;:&quot;slideshow&quot;,&quot;background_slideshow_gallery&quot;:[{&quot;id&quot;:11255,&quot;url&quot;:&quot;https:\\\/\\\/www.foretdesainthubert-tourisme.be\\\/wp-content\\\/uploads\\\/2021\\\/11\\\/vues_aeriennes\\u00a9dbcreation-MTFSH-40.jpg&quot;}],&quot;background_slideshow_loop&quot;:&quot;yes&quot;,&quot;background_slideshow_slide_duration&quot;:5000,&quot;background_slideshow_slide_transition&quot;:&quot;fade&quot;,&quot;background_slideshow_transition_duration&quot;:500}\">\n\t\t\t\t\t\t\t<div class=\"elementor-background-overlay\"><\/div>\n\t\t\t\t\t\t\t<div class=\"elementor-container elementor-column-gap-default\">\n\t\t\t\t\t<div class=\"elementor-column elementor-col-100 elementor-top-column elementor-element elementor-element-24f2ed7c\" data-id=\"24f2ed7c\" data-element_type=\"column\" data-e-type=\"column\">\n\t\t\t<div class=\"elementor-widget-wrap elementor-element-populated\">\n\t\t\t\t\t\t\t<\/div>\n\t\t<\/div>\n\t\t\t\t\t<\/div>\n\t\t<\/section>\n\t\t\t\t<section class=\"elementor-section elementor-top-section elementor-element elementor-element-893bedc elementor-section-boxed elementor-section-height-default elementor-section-height-default\" data-id=\"893bedc\" data-element_type=\"section\" data-e-type=\"section\">\n\t\t\t\t\t\t<div class=\"elementor-container elementor-column-gap-default\">\n\t\t\t\t\t<div class=\"elementor-column elementor-col-100 elementor-top-column elementor-element elementor-element-4837a56\" data-id=\"4837a56\" data-element_type=\"column\" data-e-type=\"column\">\n\t\t\t<div class=\"elementor-widget-wrap elementor-element-populated\">\n\t\t\t\t\t\t<div class=\"elementor-element elementor-element-6df4900 elementor-widget elementor-widget-spacer\" data-id=\"6df4900\" data-element_type=\"widget\" data-e-type=\"widget\" data-widget_type=\"spacer.default\">\n\t\t\t\t\t\t\t<div class=\"elementor-spacer\">\n\t\t\t<div class=\"elementor-spacer-inner\"><\/div>\n\t\t<\/div>\n\t\t\t\t\t\t<\/div>\n\t\t\t\t\t<\/div>\n\t\t<\/div>\n\t\t\t\t\t<\/div>\n\t\t<\/section>\n\t\t\t\t<section class=\"elementor-section elementor-top-section elementor-element elementor-element-92f7129 elementor-section-boxed elementor-section-height-default elementor-section-height-default\" data-id=\"92f7129\" data-element_type=\"section\" data-e-type=\"section\">\n\t\t\t\t\t\t<div class=\"elementor-container elementor-column-gap-default\">\n\t\t\t\t\t<div class=\"elementor-column elementor-col-100 elementor-top-column elementor-element elementor-element-f4e34bb\" data-id=\"f4e34bb\" data-element_type=\"column\" data-e-type=\"column\">\n\t\t\t<div class=\"elementor-widget-wrap elementor-element-populated\">\n\t\t\t\t\t\t<div class=\"elementor-element elementor-element-4192fc0 elementor-widget elementor-widget-heading\" data-id=\"4192fc0\" data-element_type=\"widget\" data-e-type=\"widget\" data-widget_type=\"heading.default\">\n\t\t\t\t\t<h2 class=\"elementor-heading-title elementor-size-default\">en fran\u00e7ais<\/h2>\t\t\t\t<\/div>\n\t\t\t\t\t<\/div>\n\t\t<\/div>\n\t\t\t\t\t<\/div>\n\t\t<\/section>\n\t\t\t\t<section class=\"elementor-section elementor-top-section elementor-element elementor-element-de6598b elementor-section-boxed elementor-section-height-default elementor-section-height-default\" data-id=\"de6598b\" data-element_type=\"section\" data-e-type=\"section\">\n\t\t\t\t\t\t<div class=\"elementor-container elementor-column-gap-default\">\n\t\t\t\t\t<div class=\"elementor-column elementor-col-50 elementor-top-column elementor-element elementor-element-9eadd3a\" data-id=\"9eadd3a\" data-element_type=\"column\" data-e-type=\"column\">\n\t\t\t<div class=\"elementor-widget-wrap elementor-element-populated\">\n\t\t\t\t\t\t<div class=\"elementor-element elementor-element-c69ebd4 elementor-widget elementor-widget-image\" data-id=\"c69ebd4\" data-element_type=\"widget\" data-e-type=\"widget\" data-widget_type=\"image.default\">\n\t\t\t\t\t\t\t\t\t\t\t\t<figure class=\"wp-caption\">\n\t\t\t\t\t\t\t\t\t\t\t<a href=\"https:\/\/www.foretdesainthubert-tourisme.be\/wp-content\/uploads\/2026\/05\/PDFIABrochure-MTFSH-2026_FR.pdf\">\n\t\t\t\t\t\t\t<img fetchpriority=\"high\" decoding=\"async\" width=\"722\" height=\"1024\" src=\"https:\/\/www.foretdesainthubert-tourisme.be\/wp-content\/uploads\/2026\/05\/pdfiabrochure-mtfsh-2026_fr-1-722x1024.webp\" class=\"attachment-large size-large wp-image-37020\" alt=\"\" srcset=\"https:\/\/www.foretdesainthubert-tourisme.be\/wp-content\/uploads\/2026\/05\/pdfiabrochure-mtfsh-2026_fr-1-722x1024.webp 722w, https:\/\/www.foretdesainthubert-tourisme.be\/wp-content\/uploads\/2026\/05\/pdfiabrochure-mtfsh-2026_fr-1-211x300.webp 211w, https:\/\/www.foretdesainthubert-tourisme.be\/wp-content\/uploads\/2026\/05\/pdfiabrochure-mtfsh-2026_fr-1-768x1090.webp 768w, https:\/\/www.foretdesainthubert-tourisme.be\/wp-content\/uploads\/2026\/05\/pdfiabrochure-mtfsh-2026_fr-1-300x426.webp 300w, https:\/\/www.foretdesainthubert-tourisme.be\/wp-content\/uploads\/2026\/05\/pdfiabrochure-mtfsh-2026_fr-1-450x639.webp 450w, https:\/\/www.foretdesainthubert-tourisme.be\/wp-content\/uploads\/2026\/05\/pdfiabrochure-mtfsh-2026_fr-1.webp 1000w\" sizes=\"(max-width: 722px) 100vw, 722px\" \/>\t\t\t\t\t\t\t\t<\/a>\n\t\t\t\t\t\t\t\t\t\t\t<figcaption class=\"widget-image-caption wp-caption-text\">T\u00e9l\u00e9charger<\/figcaption>\n\t\t\t\t\t\t\t\t\t\t<\/figure>\n\t\t\t\t\t\t\t\t\t<\/div>\n\t\t\t\t\t<\/div>\n\t\t<\/div>\n\t\t\t\t<div class=\"elementor-column elementor-col-50 elementor-top-column elementor-element elementor-element-1f24f8c\" data-id=\"1f24f8c\" data-element_type=\"column\" data-e-type=\"column\">\n\t\t\t<div class=\"elementor-widget-wrap elementor-element-populated\">\n\t\t\t\t\t\t<div class=\"elementor-element elementor-element-25f2b81 elementor-widget elementor-widget-image\" data-id=\"25f2b81\" data-element_type=\"widget\" data-e-type=\"widget\" data-widget_type=\"image.default\">\n\t\t\t\t\t\t\t\t\t\t\t\t<figure class=\"wp-caption\">\n\t\t\t\t\t\t\t\t\t\t\t<a href=\"https:\/\/www.https:\/\/www.foretdesainthubert-tourisme.be\/wp-content\/uploads\/2026\/05\/Guide-Peche-MTFSH-FR-2026-PDF-interactif.pdf-tourisme.be\/wp-content\/uploads\/2025\/03\/Guide-Peche-MTFSH-FR-2025.pdf\">\n\t\t\t\t\t\t\t<img decoding=\"async\" width=\"722\" height=\"1024\" src=\"https:\/\/www.foretdesainthubert-tourisme.be\/wp-content\/uploads\/2026\/05\/guide-peche-mtfsh-fr-2026-pdf-interactif-722x1024.webp\" class=\"attachment-large size-large wp-image-37028\" alt=\"\" srcset=\"https:\/\/www.foretdesainthubert-tourisme.be\/wp-content\/uploads\/2026\/05\/guide-peche-mtfsh-fr-2026-pdf-interactif-722x1024.webp 722w, https:\/\/www.foretdesainthubert-tourisme.be\/wp-content\/uploads\/2026\/05\/guide-peche-mtfsh-fr-2026-pdf-interactif-211x300.webp 211w, https:\/\/www.foretdesainthubert-tourisme.be\/wp-content\/uploads\/2026\/05\/guide-peche-mtfsh-fr-2026-pdf-interactif-768x1090.webp 768w, https:\/\/www.foretdesainthubert-tourisme.be\/wp-content\/uploads\/2026\/05\/guide-peche-mtfsh-fr-2026-pdf-interactif-1083x1536.webp 1083w, https:\/\/www.foretdesainthubert-tourisme.be\/wp-content\/uploads\/2026\/05\/guide-peche-mtfsh-fr-2026-pdf-interactif-1444x2048.webp 1444w, https:\/\/www.foretdesainthubert-tourisme.be\/wp-content\/uploads\/2026\/05\/guide-peche-mtfsh-fr-2026-pdf-interactif-300x426.webp 300w, https:\/\/www.foretdesainthubert-tourisme.be\/wp-content\/uploads\/2026\/05\/guide-peche-mtfsh-fr-2026-pdf-interactif-450x638.webp 450w, https:\/\/www.foretdesainthubert-tourisme.be\/wp-content\/uploads\/2026\/05\/guide-peche-mtfsh-fr-2026-pdf-interactif-scaled.webp 1410w\" sizes=\"(max-width: 722px) 100vw, 722px\" \/>\t\t\t\t\t\t\t\t<\/a>\n\t\t\t\t\t\t\t\t\t\t\t<figcaption class=\"widget-image-caption wp-caption-text\">T\u00e9l\u00e9charger<\/figcaption>\n\t\t\t\t\t\t\t\t\t\t<\/figure>\n\t\t\t\t\t\t\t\t\t<\/div>\n\t\t\t\t\t<\/div>\n\t\t<\/div>\n\t\t\t\t\t<\/div>\n\t\t<\/section>\n\t\t\t\t<section class=\"elementor-section elementor-top-section elementor-element elementor-element-bcbfa21 elementor-section-boxed elementor-section-height-default elementor-section-height-default\" data-id=\"bcbfa21\" data-element_type=\"section\" data-e-type=\"section\">\n\t\t\t\t\t\t<div class=\"elementor-container elementor-column-gap-default\">\n\t\t\t\t\t<div class=\"elementor-column elementor-col-100 elementor-top-column elementor-element elementor-element-99e2644\" data-id=\"99e2644\" data-element_type=\"column\" data-e-type=\"column\">\n\t\t\t<div class=\"elementor-widget-wrap elementor-element-populated\">\n\t\t\t\t\t\t<div class=\"elementor-element elementor-element-e17308a elementor-widget elementor-widget-heading\" data-id=\"e17308a\" data-element_type=\"widget\" data-e-type=\"widget\" data-widget_type=\"heading.default\">\n\t\t\t\t\t<h2 class=\"elementor-heading-title elementor-size-default\">in het nederlands<\/h2>\t\t\t\t<\/div>\n\t\t\t\t\t<\/div>\n\t\t<\/div>\n\t\t\t\t\t<\/div>\n\t\t<\/section>\n\t\t\t\t<section class=\"elementor-section elementor-top-section elementor-element elementor-element-1bc2bb7 elementor-section-boxed elementor-section-height-default elementor-section-height-default\" data-id=\"1bc2bb7\" data-element_type=\"section\" data-e-type=\"section\">\n\t\t\t\t\t\t<div class=\"elementor-container elementor-column-gap-default\">\n\t\t\t\t\t<div class=\"elementor-column elementor-col-50 elementor-top-column elementor-element elementor-element-126d7a4\" data-id=\"126d7a4\" data-element_type=\"column\" data-e-type=\"column\">\n\t\t\t<div class=\"elementor-widget-wrap elementor-element-populated\">\n\t\t\t\t\t\t<div class=\"elementor-element elementor-element-314d969 elementor-widget elementor-widget-image\" data-id=\"314d969\" data-element_type=\"widget\" data-e-type=\"widget\" data-widget_type=\"image.default\">\n\t\t\t\t\t\t\t\t\t\t\t\t<figure class=\"wp-caption\">\n\t\t\t\t\t\t\t\t\t\t\t<a href=\"https:\/\/www.foretdesainthubert-tourisme.be\/wp-content\/uploads\/2026\/05\/PDFIABrochure-MTFSH-2026_NL.pdf\">\n\t\t\t\t\t\t\t<img decoding=\"async\" width=\"722\" height=\"1024\" src=\"https:\/\/www.foretdesainthubert-tourisme.be\/wp-content\/uploads\/2026\/05\/pdfiabrochure-mtfsh-2026_nl-1-722x1024.webp\" class=\"attachment-large size-large wp-image-37032\" alt=\"\" srcset=\"https:\/\/www.foretdesainthubert-tourisme.be\/wp-content\/uploads\/2026\/05\/pdfiabrochure-mtfsh-2026_nl-1-722x1024.webp 722w, https:\/\/www.foretdesainthubert-tourisme.be\/wp-content\/uploads\/2026\/05\/pdfiabrochure-mtfsh-2026_nl-1-211x300.webp 211w, https:\/\/www.foretdesainthubert-tourisme.be\/wp-content\/uploads\/2026\/05\/pdfiabrochure-mtfsh-2026_nl-1-768x1090.webp 768w, https:\/\/www.foretdesainthubert-tourisme.be\/wp-content\/uploads\/2026\/05\/pdfiabrochure-mtfsh-2026_nl-1-300x426.webp 300w, https:\/\/www.foretdesainthubert-tourisme.be\/wp-content\/uploads\/2026\/05\/pdfiabrochure-mtfsh-2026_nl-1-450x639.webp 450w, https:\/\/www.foretdesainthubert-tourisme.be\/wp-content\/uploads\/2026\/05\/pdfiabrochure-mtfsh-2026_nl-1.webp 1000w\" sizes=\"(max-width: 722px) 100vw, 722px\" \/>\t\t\t\t\t\t\t\t<\/a>\n\t\t\t\t\t\t\t\t\t\t\t<figcaption class=\"widget-image-caption wp-caption-text\">T\u00e9l\u00e9charger<\/figcaption>\n\t\t\t\t\t\t\t\t\t\t<\/figure>\n\t\t\t\t\t\t\t\t\t<\/div>\n\t\t\t\t\t<\/div>\n\t\t<\/div>\n\t\t\t\t<div class=\"elementor-column elementor-col-50 elementor-top-column elementor-element elementor-element-4037a30\" data-id=\"4037a30\" data-element_type=\"column\" data-e-type=\"column\">\n\t\t\t<div class=\"elementor-widget-wrap elementor-element-populated\">\n\t\t\t\t\t\t<div class=\"elementor-element elementor-element-466c408 elementor-widget elementor-widget-image\" data-id=\"466c408\" data-element_type=\"widget\" data-e-type=\"widget\" data-widget_type=\"image.default\">\n\t\t\t\t\t\t\t\t\t\t\t\t<figure class=\"wp-caption\">\n\t\t\t\t\t\t\t\t\t\t\t<a href=\"https:\/\/www.foretdesainthubert-tourisme.be\/wp-content\/uploads\/2026\/05\/Guide-Peche-MTFSH-NL-2026-PDF-interactif.pdf\">\n\t\t\t\t\t\t\t<img loading=\"lazy\" decoding=\"async\" width=\"722\" height=\"1024\" src=\"https:\/\/www.foretdesainthubert-tourisme.be\/wp-content\/uploads\/2026\/05\/guide-peche-mtfsh-nl-2026-pdf-interactif-722x1024.webp\" class=\"attachment-large size-large wp-image-37036\" alt=\"\" srcset=\"https:\/\/www.foretdesainthubert-tourisme.be\/wp-content\/uploads\/2026\/05\/guide-peche-mtfsh-nl-2026-pdf-interactif-722x1024.webp 722w, https:\/\/www.foretdesainthubert-tourisme.be\/wp-content\/uploads\/2026\/05\/guide-peche-mtfsh-nl-2026-pdf-interactif-211x300.webp 211w, https:\/\/www.foretdesainthubert-tourisme.be\/wp-content\/uploads\/2026\/05\/guide-peche-mtfsh-nl-2026-pdf-interactif-768x1090.webp 768w, https:\/\/www.foretdesainthubert-tourisme.be\/wp-content\/uploads\/2026\/05\/guide-peche-mtfsh-nl-2026-pdf-interactif-1083x1536.webp 1083w, https:\/\/www.foretdesainthubert-tourisme.be\/wp-content\/uploads\/2026\/05\/guide-peche-mtfsh-nl-2026-pdf-interactif-1444x2048.webp 1444w, https:\/\/www.foretdesainthubert-tourisme.be\/wp-content\/uploads\/2026\/05\/guide-peche-mtfsh-nl-2026-pdf-interactif-300x426.webp 300w, https:\/\/www.foretdesainthubert-tourisme.be\/wp-content\/uploads\/2026\/05\/guide-peche-mtfsh-nl-2026-pdf-interactif-450x638.webp 450w, https:\/\/www.foretdesainthubert-tourisme.be\/wp-content\/uploads\/2026\/05\/guide-peche-mtfsh-nl-2026-pdf-interactif-scaled.webp 1410w\" sizes=\"(max-width: 722px) 100vw, 722px\" \/>\t\t\t\t\t\t\t\t<\/a>\n\t\t\t\t\t\t\t\t\t\t\t<figcaption class=\"widget-image-caption wp-caption-text\">T\u00e9l\u00e9charger<\/figcaption>\n\t\t\t\t\t\t\t\t\t\t<\/figure>\n\t\t\t\t\t\t\t\t\t<\/div>\n\t\t\t\t\t<\/div>\n\t\t<\/div>\n\t\t\t\t\t<\/div>\n\t\t<\/section>\n\t\t\t\t<\/div>\n\t\t","protected":false},"excerpt":{"rendered":"<p>en fran\u00e7ais T\u00e9l\u00e9charger T\u00e9l\u00e9charger in het nederlands T\u00e9l\u00e9charger T\u00e9l\u00e9charger<\/p>\n","protected":false},"author":7,"featured_media":0,"parent":0,"menu_order":0,"comment_status":"closed","ping_status":"closed","template":"","meta":{"_seopress_robots_primary_cat":"","_seopress_titles_title":"","_seopress_titles_desc":"","_seopress_robots_index":"","site-sidebar-layout":"no-sidebar","site-content-layout":"page-builder","ast-site-content-layout":"default","site-content-style":"default","site-sidebar-style":"default","ast-global-header-display":"","ast-banner-title-visibility":"","ast-main-header-display":"","ast-hfb-above-header-display":"","ast-hfb-below-header-display":"","ast-hfb-mobile-header-display":"","site-post-title":"disabled","ast-breadcrumbs-content":"","ast-featured-img":"disabled","footer-sml-layout":"","ast-disable-related-posts":"","theme-transparent-header-meta":"default","adv-header-id-meta":"","stick-header-meta":"","header-above-stick-meta":"","header-main-stick-meta":"","header-below-stick-meta":"","astra-migrate-meta-layouts":"default","ast-page-background-enabled":"default","ast-page-background-meta":{"desktop":{"background-color":"","background-image":"","background-repeat":"repeat","background-position":"center center","background-size":"auto","background-attachment":"scroll","background-type":"","background-media":"","overlay-type":"","overlay-color":"","overlay-opacity":"","overlay-gradient":""},"tablet":{"background-color":"","background-image":"","background-repeat":"repeat","background-position":"center center","background-size":"auto","background-attachment":"scroll","background-type":"","background-media":"","overlay-type":"","overlay-color":"","overlay-opacity":"","overlay-gradient":""},"mobile":{"background-color":"","background-image":"","background-repeat":"repeat","background-position":"center center","background-size":"auto","background-attachment":"scroll","background-type":"","background-media":"","overlay-type":"","overlay-color":"","overlay-opacity":"","overlay-gradient":""}},"ast-content-background-meta":{"desktop":{"background-color":"var(--ast-global-color-5)","background-image":"","background-repeat":"repeat","background-position":"center center","background-size":"auto","background-attachment":"scroll","background-type":"","background-media":"","overlay-type":"","overlay-color":"","overlay-opacity":"","overlay-gradient":""},"tablet":{"background-color":"var(--ast-global-color-5)","background-image":"","background-repeat":"repeat","background-position":"center center","background-size":"auto","background-attachment":"scroll","background-type":"","background-media":"","overlay-type":"","overlay-color":"","overlay-opacity":"","overlay-gradient":""},"mobile":{"background-color":"var(--ast-global-color-5)","background-image":"","background-repeat":"repeat","background-position":"center center","background-size":"auto","background-attachment":"scroll","background-type":"","background-media":"","overlay-type":"","overlay-color":"","overlay-opacity":"","overlay-gradient":""}},"footnotes":""},"categories":[],"class_list":["post-13147","page","type-page","status-publish","hentry"],"_links":{"self":[{"href":"https:\/\/www.foretdesainthubert-tourisme.be\/en\/wp-json\/wp\/v2\/pages\/13147","targetHints":{"allow":["GET"]}}],"collection":[{"href":"https:\/\/www.foretdesainthubert-tourisme.be\/en\/wp-json\/wp\/v2\/pages"}],"about":[{"href":"https:\/\/www.foretdesainthubert-tourisme.be\/en\/wp-json\/wp\/v2\/types\/page"}],"author":[{"embeddable":true,"href":"https:\/\/www.foretdesainthubert-tourisme.be\/en\/wp-json\/wp\/v2\/users\/7"}],"replies":[{"embeddable":true,"href":"https:\/\/www.foretdesainthubert-tourisme.be\/en\/wp-json\/wp\/v2\/comments?post=13147"}],"version-history":[{"count":5,"href":"https:\/\/www.foretdesainthubert-tourisme.be\/en\/wp-json\/wp\/v2\/pages\/13147\/revisions"}],"predecessor-version":[{"id":37082,"href":"https:\/\/www.foretdesainthubert-tourisme.be\/en\/wp-json\/wp\/v2\/pages\/13147\/revisions\/37082"}],"wp:attachment":[{"href":"https:\/\/www.foretdesainthubert-tourisme.be\/en\/wp-json\/wp\/v2\/media?parent=13147"}],"wp:term":[{"taxonomy":"category","embeddable":true,"href":"https:\/\/www.foretdesainthubert-tourisme.be\/en\/wp-json\/wp\/v2\/categories?post=13147"}],"curies":[{"name":"wp","href":"https:\/\/api.w.org\/{rel}","templated":true}]}}