{"id":7595,"date":"2021-03-26T14:49:19","date_gmt":"2021-03-26T13:49:19","guid":{"rendered":"https:\/\/www.foretdesainthubert-tourisme.be\/visiting-producers\/"},"modified":"2026-02-23T15:15:43","modified_gmt":"2026-02-23T14:15:43","slug":"visiting-producers","status":"publish","type":"page","link":"https:\/\/www.foretdesainthubert-tourisme.be\/en\/to-enjoy\/visiting-producers\/","title":{"rendered":"Visiting producers"},"content":{"rendered":"\t\t<div data-elementor-type=\"wp-page\" data-elementor-id=\"7595\" class=\"elementor elementor-7595 elementor-3491\" data-elementor-post-type=\"page\">\n\t\t\t\t\t\t<section class=\"elementor-section elementor-top-section elementor-element elementor-element-779f093b elementor-section-full_width elementor-section-height-default elementor-section-height-default\" data-id=\"779f093b\" data-element_type=\"section\" data-e-type=\"section\" data-settings=\"{&quot;background_background&quot;:&quot;slideshow&quot;,&quot;background_slideshow_gallery&quot;:[{&quot;id&quot;:10190,&quot;url&quot;:&quot;https:\\\/\\\/www.foretdesainthubert-tourisme.be\\\/wp-content\\\/uploads\\\/2021\\\/08\\\/ferme_arc_en_ciel\\u00a9dbcreation-MTFSH-16.jpg&quot;}],&quot;background_slideshow_loop&quot;:&quot;yes&quot;,&quot;background_slideshow_slide_duration&quot;:5000,&quot;background_slideshow_slide_transition&quot;:&quot;fade&quot;,&quot;background_slideshow_transition_duration&quot;:500}\">\n\t\t\t\t\t\t\t<div class=\"elementor-background-overlay\"><\/div>\n\t\t\t\t\t\t\t<div class=\"elementor-container elementor-column-gap-default\">\n\t\t\t\t\t<div class=\"elementor-column elementor-col-100 elementor-top-column elementor-element elementor-element-4a2b614a\" data-id=\"4a2b614a\" data-element_type=\"column\" data-e-type=\"column\">\n\t\t\t<div class=\"elementor-widget-wrap elementor-element-populated\">\n\t\t\t\t\t\t\t<\/div>\n\t\t<\/div>\n\t\t\t\t\t<\/div>\n\t\t<\/section>\n\t\t\t\t<section class=\"elementor-section elementor-top-section elementor-element elementor-element-33b9983 elementor-section-boxed elementor-section-height-default elementor-section-height-default\" data-id=\"33b9983\" data-element_type=\"section\" data-e-type=\"section\">\n\t\t\t\t\t\t<div class=\"elementor-container elementor-column-gap-default\">\n\t\t\t\t\t<div class=\"elementor-column elementor-col-100 elementor-top-column elementor-element elementor-element-468484c\" data-id=\"468484c\" data-element_type=\"column\" data-e-type=\"column\">\n\t\t\t<div class=\"elementor-widget-wrap elementor-element-populated\">\n\t\t\t\t\t\t<div class=\"elementor-element elementor-element-026c9f2 elementor-widget elementor-widget-spacer\" data-id=\"026c9f2\" data-element_type=\"widget\" data-e-type=\"widget\" data-widget_type=\"spacer.default\">\n\t\t\t\t\t\t\t<div class=\"elementor-spacer\">\n\t\t\t<div class=\"elementor-spacer-inner\"><\/div>\n\t\t<\/div>\n\t\t\t\t\t\t<\/div>\n\t\t\t\t\t<\/div>\n\t\t<\/div>\n\t\t\t\t\t<\/div>\n\t\t<\/section>\n\t\t\t\t<section class=\"elementor-section elementor-top-section elementor-element elementor-element-49072e6 elementor-section-boxed elementor-section-height-default elementor-section-height-default\" data-id=\"49072e6\" data-element_type=\"section\" data-e-type=\"section\">\n\t\t\t\t\t\t<div class=\"elementor-container elementor-column-gap-default\">\n\t\t\t\t\t<div class=\"elementor-column elementor-col-33 elementor-top-column elementor-element elementor-element-b4e7bda\" data-id=\"b4e7bda\" data-element_type=\"column\" data-e-type=\"column\">\n\t\t\t<div class=\"elementor-widget-wrap elementor-element-populated\">\n\t\t\t\t\t\t<div class=\"elementor-element elementor-element-50395fe elementor-cta--skin-classic elementor-animated-content elementor-bg-transform elementor-bg-transform-zoom-in elementor-widget elementor-widget-call-to-action\" data-id=\"50395fe\" data-element_type=\"widget\" data-e-type=\"widget\" data-widget_type=\"call-to-action.default\">\n\t\t\t\t\t\t\t<a class=\"elementor-cta\" href=\"https:\/\/www.foretdesainthubert-tourisme.be\/en\/visites-gourmandes\/\">\n\t\t\t\t\t<div class=\"elementor-cta__bg-wrapper\">\n\t\t\t\t<div class=\"elementor-cta__bg elementor-bg\" style=\"background-image: url(https:\/\/www.foretdesainthubert-tourisme.be\/wp-content\/uploads\/2021\/08\/Jardins-du-Moulin\u00a9dbcreation-MTFSH-65-1024x681.jpg);\" role=\"img\" aria-label=\"Jardins du Moulin\u00a9dbcreation-MTFSH (65)\"><\/div>\n\t\t\t\t<div class=\"elementor-cta__bg-overlay\"><\/div>\n\t\t\t<\/div>\n\t\t\t\t\t\t\t<div class=\"elementor-cta__content\">\n\t\t\t\t\n\t\t\t\t\t\t\t\t\t<h2 class=\"elementor-cta__title elementor-cta__content-item elementor-content-item\">\n\t\t\t\t\t\t  Visits                      \t\t\t\t\t<\/h2>\n\t\t\t\t\n\t\t\t\t\n\t\t\t\t\t\t\t\t\t<div class=\"elementor-cta__button-wrapper elementor-cta__content-item elementor-content-item \">\n\t\t\t\t\t<span class=\"elementor-cta__button elementor-button elementor-size-\">\n\t\t\t\t\t\tAll addresses\t\t\t\t\t<\/span>\n\t\t\t\t\t<\/div>\n\t\t\t\t\t\t\t<\/div>\n\t\t\t\t\t\t<\/a>\n\t\t\t\t\t\t<\/div>\n\t\t\t\t\t<\/div>\n\t\t<\/div>\n\t\t\t\t<div class=\"elementor-column elementor-col-33 elementor-top-column elementor-element elementor-element-2f40fb6\" data-id=\"2f40fb6\" data-element_type=\"column\" data-e-type=\"column\">\n\t\t\t<div class=\"elementor-widget-wrap elementor-element-populated\">\n\t\t\t\t\t\t<div class=\"elementor-element elementor-element-6143780 elementor-cta--skin-classic elementor-animated-content elementor-bg-transform elementor-bg-transform-zoom-in elementor-widget elementor-widget-call-to-action\" data-id=\"6143780\" data-element_type=\"widget\" data-e-type=\"widget\" data-widget_type=\"call-to-action.default\">\n\t\t\t\t\t\t\t<a class=\"elementor-cta\" href=\"https:\/\/www.cirkwi.com\/fr\/circuit\/418215-circuit-gourmand-foret-des-delices-saveurs-en-terre-celte\">\n\t\t\t\t\t<div class=\"elementor-cta__bg-wrapper\">\n\t\t\t\t<div class=\"elementor-cta__bg elementor-bg\" style=\"background-image: url(https:\/\/www.foretdesainthubert-tourisme.be\/wp-content\/uploads\/2020\/11\/circuit_gourmand_celte-1024x681.jpg);\" role=\"img\" aria-label=\"circuit_gourmand_celte\"><\/div>\n\t\t\t\t<div class=\"elementor-cta__bg-overlay\"><\/div>\n\t\t\t<\/div>\n\t\t\t\t\t\t\t<div class=\"elementor-cta__content\">\n\t\t\t\t\n\t\t\t\t\t\t\t\t\t<h2 class=\"elementor-cta__title elementor-cta__content-item elementor-content-item\">\n\t\t\t\t\t\tFlavours from Celtic lands\t\t\t\t\t<\/h2>\n\t\t\t\t\n\t\t\t\t\n\t\t\t\t\t\t\t\t\t<div class=\"elementor-cta__button-wrapper elementor-cta__content-item elementor-content-item \">\n\t\t\t\t\t<span class=\"elementor-cta__button elementor-button elementor-size-\">\n\t\t\t\t\t\tThe itinary on Cirkwi\t\t\t\t\t<\/span>\n\t\t\t\t\t<\/div>\n\t\t\t\t\t\t\t<\/div>\n\t\t\t\t\t\t<\/a>\n\t\t\t\t\t\t<\/div>\n\t\t\t\t\t<\/div>\n\t\t<\/div>\n\t\t\t\t<div class=\"elementor-column elementor-col-33 elementor-top-column elementor-element elementor-element-00b47e9\" data-id=\"00b47e9\" data-element_type=\"column\" data-e-type=\"column\">\n\t\t\t<div class=\"elementor-widget-wrap elementor-element-populated\">\n\t\t\t\t\t\t<div class=\"elementor-element elementor-element-51d1f49 elementor-cta--skin-classic elementor-animated-content elementor-bg-transform elementor-bg-transform-zoom-in elementor-widget elementor-widget-call-to-action\" data-id=\"51d1f49\" data-element_type=\"widget\" data-e-type=\"widget\" data-widget_type=\"call-to-action.default\">\n\t\t\t\t\t\t\t<a class=\"elementor-cta\" href=\"https:\/\/www.cirkwi.com\/fr\/circuit\/406416-circuit-gourmand-foret-des-delices-un-gout-de-terroir\">\n\t\t\t\t\t<div class=\"elementor-cta__bg-wrapper\">\n\t\t\t\t<div class=\"elementor-cta__bg elementor-bg\" style=\"background-image: url(https:\/\/www.foretdesainthubert-tourisme.be\/wp-content\/uploads\/2020\/11\/circuit_gourmand_saveurs_inattendues-1024x698.jpg);\" role=\"img\" aria-label=\"circuit_gourmand_saveurs_inattendues\"><\/div>\n\t\t\t\t<div class=\"elementor-cta__bg-overlay\"><\/div>\n\t\t\t<\/div>\n\t\t\t\t\t\t\t<div class=\"elementor-cta__content\">\n\t\t\t\t\n\t\t\t\t\t\t\t\t\t<h2 class=\"elementor-cta__title elementor-cta__content-item elementor-content-item\">\n\t\t\t\t\t\tA taste of the land\t\t\t\t\t<\/h2>\n\t\t\t\t\n\t\t\t\t\n\t\t\t\t\t\t\t\t\t<div class=\"elementor-cta__button-wrapper elementor-cta__content-item elementor-content-item \">\n\t\t\t\t\t<span class=\"elementor-cta__button elementor-button elementor-size-\">\n\t\t\t\t\t\tThe itinary on Cirkwi\t\t\t\t\t<\/span>\n\t\t\t\t\t<\/div>\n\t\t\t\t\t\t\t<\/div>\n\t\t\t\t\t\t<\/a>\n\t\t\t\t\t\t<\/div>\n\t\t\t\t\t<\/div>\n\t\t<\/div>\n\t\t\t\t\t<\/div>\n\t\t<\/section>\n\t\t\t\t<section class=\"elementor-section elementor-top-section elementor-element elementor-element-ce191ae elementor-section-boxed elementor-section-height-default elementor-section-height-default\" data-id=\"ce191ae\" data-element_type=\"section\" data-e-type=\"section\">\n\t\t\t\t\t\t<div class=\"elementor-container elementor-column-gap-default\">\n\t\t\t\t\t<div class=\"elementor-column elementor-col-100 elementor-top-column elementor-element elementor-element-44242da\" data-id=\"44242da\" data-element_type=\"column\" data-e-type=\"column\">\n\t\t\t<div class=\"elementor-widget-wrap elementor-element-populated\">\n\t\t\t\t\t\t<div class=\"elementor-element elementor-element-805605d elementor-widget elementor-widget-image-gallery\" data-id=\"805605d\" data-element_type=\"widget\" data-e-type=\"widget\" data-widget_type=\"image-gallery.default\">\n\t\t\t\t\t\t\t<div class=\"elementor-image-gallery\">\n\t\t\t<div id='gallery-1' class='gallery galleryid-7595 gallery-columns-3 gallery-size-full'><figure class='gallery-item'>\n\t\t\t<div class='gallery-icon landscape'>\n\t\t\t\t<a data-elementor-open-lightbox=\"yes\" data-elementor-lightbox-slideshow=\"805605d\" data-elementor-lightbox-title=\"Gal Novardenne\" data-e-action-hash=\"#elementor-action%3Aaction%3Dlightbox%26settings%3DeyJpZCI6MTE3MzcsInVybCI6Imh0dHBzOlwvXC93d3cuZm9yZXRkZXNhaW50aHViZXJ0LXRvdXJpc21lLmJlXC93cC1jb250ZW50XC91cGxvYWRzXC8yMDIyXC8wMVwvTGFfTGFpdGVyaWVfZHVfV2lzYmVsZXlfUGV0aXRlcy04LmpwZyIsInNsaWRlc2hvdyI6IjgwNTYwNWQifQ%3D%3D\" href='https:\/\/www.foretdesainthubert-tourisme.be\/wp-content\/uploads\/2022\/01\/La_Laiterie_du_Wisbeley_Petites-8.jpg'><img fetchpriority=\"high\" decoding=\"async\" width=\"2000\" height=\"1333\" src=\"https:\/\/www.foretdesainthubert-tourisme.be\/wp-content\/uploads\/2022\/01\/La_Laiterie_du_Wisbeley_Petites-8.jpg\" class=\"attachment-full size-full\" alt=\"\" srcset=\"https:\/\/www.foretdesainthubert-tourisme.be\/wp-content\/uploads\/2022\/01\/La_Laiterie_du_Wisbeley_Petites-8.jpg 2000w, https:\/\/www.foretdesainthubert-tourisme.be\/wp-content\/uploads\/2022\/01\/La_Laiterie_du_Wisbeley_Petites-8-300x200.jpg 300w, https:\/\/www.foretdesainthubert-tourisme.be\/wp-content\/uploads\/2022\/01\/La_Laiterie_du_Wisbeley_Petites-8-1024x682.jpg 1024w, https:\/\/www.foretdesainthubert-tourisme.be\/wp-content\/uploads\/2022\/01\/La_Laiterie_du_Wisbeley_Petites-8-768x512.jpg 768w, https:\/\/www.foretdesainthubert-tourisme.be\/wp-content\/uploads\/2022\/01\/La_Laiterie_du_Wisbeley_Petites-8-1536x1024.jpg 1536w\" sizes=\"(max-width: 2000px) 100vw, 2000px\" \/><\/a>\n\t\t\t<\/div><\/figure><figure class='gallery-item'>\n\t\t\t<div class='gallery-icon landscape'>\n\t\t\t\t<a data-elementor-open-lightbox=\"yes\" data-elementor-lightbox-slideshow=\"805605d\" data-elementor-lightbox-title=\"Gal Novardenne\" data-e-action-hash=\"#elementor-action%3Aaction%3Dlightbox%26settings%3DeyJpZCI6MTE3MTEsInVybCI6Imh0dHBzOlwvXC93d3cuZm9yZXRkZXNhaW50aHViZXJ0LXRvdXJpc21lLmJlXC93cC1jb250ZW50XC91cGxvYWRzXC8yMDIyXC8wMVwvQV9sYV9NYWluX1ZlcnRlX1BldGl0ZXMtMS5qcGciLCJzbGlkZXNob3ciOiI4MDU2MDVkIn0%3D\" href='https:\/\/www.foretdesainthubert-tourisme.be\/wp-content\/uploads\/2022\/01\/A_la_Main_Verte_Petites-1.jpg'><img decoding=\"async\" width=\"2000\" height=\"1333\" src=\"https:\/\/www.foretdesainthubert-tourisme.be\/wp-content\/uploads\/2022\/01\/A_la_Main_Verte_Petites-1.jpg\" class=\"attachment-full size-full\" alt=\"\" srcset=\"https:\/\/www.foretdesainthubert-tourisme.be\/wp-content\/uploads\/2022\/01\/A_la_Main_Verte_Petites-1.jpg 2000w, https:\/\/www.foretdesainthubert-tourisme.be\/wp-content\/uploads\/2022\/01\/A_la_Main_Verte_Petites-1-300x200.jpg 300w, https:\/\/www.foretdesainthubert-tourisme.be\/wp-content\/uploads\/2022\/01\/A_la_Main_Verte_Petites-1-1024x682.jpg 1024w, https:\/\/www.foretdesainthubert-tourisme.be\/wp-content\/uploads\/2022\/01\/A_la_Main_Verte_Petites-1-768x512.jpg 768w, https:\/\/www.foretdesainthubert-tourisme.be\/wp-content\/uploads\/2022\/01\/A_la_Main_Verte_Petites-1-1536x1024.jpg 1536w\" sizes=\"(max-width: 2000px) 100vw, 2000px\" \/><\/a>\n\t\t\t<\/div><\/figure><figure class='gallery-item'>\n\t\t\t<div class='gallery-icon landscape'>\n\t\t\t\t<a data-elementor-open-lightbox=\"yes\" data-elementor-lightbox-slideshow=\"805605d\" data-elementor-lightbox-title=\"ferme_du_long_pre\u00a9dbcreation-MTFSH (10)\" data-e-action-hash=\"#elementor-action%3Aaction%3Dlightbox%26settings%3DeyJpZCI6MTAyOTEsInVybCI6Imh0dHBzOlwvXC93d3cuZm9yZXRkZXNhaW50aHViZXJ0LXRvdXJpc21lLmJlXC93cC1jb250ZW50XC91cGxvYWRzXC8yMDIxXC8wOFwvZmVybWVfZHVfbG9uZ19wcmVcdTAwYTlkYmNyZWF0aW9uLU1URlNILTEwLmpwZyIsInNsaWRlc2hvdyI6IjgwNTYwNWQifQ%3D%3D\" href='https:\/\/www.foretdesainthubert-tourisme.be\/wp-content\/uploads\/2021\/08\/ferme_du_long_pre\u00a9dbcreation-MTFSH-10.jpg'><img decoding=\"async\" width=\"1733\" height=\"1153\" src=\"https:\/\/www.foretdesainthubert-tourisme.be\/wp-content\/uploads\/2021\/08\/ferme_du_long_pre\u00a9dbcreation-MTFSH-10.jpg\" class=\"attachment-full size-full\" alt=\"Visite gourmande \u00e0 la Ferme du Long Pr\u00e9 dans la commune de Saint-Hubert\" srcset=\"https:\/\/www.foretdesainthubert-tourisme.be\/wp-content\/uploads\/2021\/08\/ferme_du_long_pre\u00a9dbcreation-MTFSH-10.jpg 1733w, https:\/\/www.foretdesainthubert-tourisme.be\/wp-content\/uploads\/2021\/08\/ferme_du_long_pre\u00a9dbcreation-MTFSH-10-300x200.jpg 300w, https:\/\/www.foretdesainthubert-tourisme.be\/wp-content\/uploads\/2021\/08\/ferme_du_long_pre\u00a9dbcreation-MTFSH-10-1024x681.jpg 1024w, https:\/\/www.foretdesainthubert-tourisme.be\/wp-content\/uploads\/2021\/08\/ferme_du_long_pre\u00a9dbcreation-MTFSH-10-768x511.jpg 768w, https:\/\/www.foretdesainthubert-tourisme.be\/wp-content\/uploads\/2021\/08\/ferme_du_long_pre\u00a9dbcreation-MTFSH-10-1536x1022.jpg 1536w\" sizes=\"(max-width: 1733px) 100vw, 1733px\" \/><\/a>\n\t\t\t<\/div><\/figure><figure class='gallery-item'>\n\t\t\t<div class='gallery-icon landscape'>\n\t\t\t\t<a data-elementor-open-lightbox=\"yes\" data-elementor-lightbox-slideshow=\"805605d\" data-elementor-lightbox-title=\"ferme_arc_en_ciel\u00a9dbcreation-MTFSH (2)\" data-e-action-hash=\"#elementor-action%3Aaction%3Dlightbox%26settings%3DeyJpZCI6MTAxOTQsInVybCI6Imh0dHBzOlwvXC93d3cuZm9yZXRkZXNhaW50aHViZXJ0LXRvdXJpc21lLmJlXC93cC1jb250ZW50XC91cGxvYWRzXC8yMDIxXC8wOFwvZmVybWVfYXJjX2VuX2NpZWxcdTAwYTlkYmNyZWF0aW9uLU1URlNILTIuanBnIiwic2xpZGVzaG93IjoiODA1NjA1ZCJ9\" href='https:\/\/www.foretdesainthubert-tourisme.be\/wp-content\/uploads\/2021\/08\/ferme_arc_en_ciel\u00a9dbcreation-MTFSH-2.jpg'><img loading=\"lazy\" decoding=\"async\" width=\"1733\" height=\"1153\" src=\"https:\/\/www.foretdesainthubert-tourisme.be\/wp-content\/uploads\/2021\/08\/ferme_arc_en_ciel\u00a9dbcreation-MTFSH-2.jpg\" class=\"attachment-full size-full\" alt=\"\" srcset=\"https:\/\/www.foretdesainthubert-tourisme.be\/wp-content\/uploads\/2021\/08\/ferme_arc_en_ciel\u00a9dbcreation-MTFSH-2.jpg 1733w, https:\/\/www.foretdesainthubert-tourisme.be\/wp-content\/uploads\/2021\/08\/ferme_arc_en_ciel\u00a9dbcreation-MTFSH-2-300x200.jpg 300w, https:\/\/www.foretdesainthubert-tourisme.be\/wp-content\/uploads\/2021\/08\/ferme_arc_en_ciel\u00a9dbcreation-MTFSH-2-1024x681.jpg 1024w, https:\/\/www.foretdesainthubert-tourisme.be\/wp-content\/uploads\/2021\/08\/ferme_arc_en_ciel\u00a9dbcreation-MTFSH-2-768x511.jpg 768w, https:\/\/www.foretdesainthubert-tourisme.be\/wp-content\/uploads\/2021\/08\/ferme_arc_en_ciel\u00a9dbcreation-MTFSH-2-1536x1022.jpg 1536w\" sizes=\"(max-width: 1733px) 100vw, 1733px\" \/><\/a>\n\t\t\t<\/div><\/figure><figure class='gallery-item'>\n\t\t\t<div class='gallery-icon landscape'>\n\t\t\t\t<a data-elementor-open-lightbox=\"yes\" data-elementor-lightbox-slideshow=\"805605d\" data-elementor-lightbox-title=\"safranloy\u00a9dbcreation-MTFSH (22)\" data-e-action-hash=\"#elementor-action%3Aaction%3Dlightbox%26settings%3DeyJpZCI6MTAwOTYsInVybCI6Imh0dHBzOlwvXC93d3cuZm9yZXRkZXNhaW50aHViZXJ0LXRvdXJpc21lLmJlXC93cC1jb250ZW50XC91cGxvYWRzXC8yMDIxXC8wOFwvc2FmcmFubG95XHUwMGE5ZGJjcmVhdGlvbi1NVEZTSC0yMi5qcGciLCJzbGlkZXNob3ciOiI4MDU2MDVkIn0%3D\" href='https:\/\/www.foretdesainthubert-tourisme.be\/wp-content\/uploads\/2021\/08\/safranloy\u00a9dbcreation-MTFSH-22.jpg'><img loading=\"lazy\" decoding=\"async\" width=\"1733\" height=\"1153\" src=\"https:\/\/www.foretdesainthubert-tourisme.be\/wp-content\/uploads\/2021\/08\/safranloy\u00a9dbcreation-MTFSH-22.jpg\" class=\"attachment-full size-full\" alt=\"Visites gourmandes le long de l&#039;itin\u00e9raire La For\u00eat des D\u00e9lices. Ici chez Safranloy dans la commune de Libin.\" srcset=\"https:\/\/www.foretdesainthubert-tourisme.be\/wp-content\/uploads\/2021\/08\/safranloy\u00a9dbcreation-MTFSH-22.jpg 1733w, https:\/\/www.foretdesainthubert-tourisme.be\/wp-content\/uploads\/2021\/08\/safranloy\u00a9dbcreation-MTFSH-22-300x200.jpg 300w, https:\/\/www.foretdesainthubert-tourisme.be\/wp-content\/uploads\/2021\/08\/safranloy\u00a9dbcreation-MTFSH-22-1024x681.jpg 1024w, https:\/\/www.foretdesainthubert-tourisme.be\/wp-content\/uploads\/2021\/08\/safranloy\u00a9dbcreation-MTFSH-22-768x511.jpg 768w, https:\/\/www.foretdesainthubert-tourisme.be\/wp-content\/uploads\/2021\/08\/safranloy\u00a9dbcreation-MTFSH-22-1536x1022.jpg 1536w\" sizes=\"(max-width: 1733px) 100vw, 1733px\" \/><\/a>\n\t\t\t<\/div><\/figure><figure class='gallery-item'>\n\t\t\t<div class='gallery-icon landscape'>\n\t\t\t\t<a data-elementor-open-lightbox=\"yes\" data-elementor-lightbox-slideshow=\"805605d\" data-elementor-lightbox-title=\"\u00a9Brasserie-des-Tchets (14)\" data-e-action-hash=\"#elementor-action%3Aaction%3Dlightbox%26settings%3DeyJpZCI6NjA1NiwidXJsIjoiaHR0cHM6XC9cL3d3dy5mb3JldGRlc2FpbnRodWJlcnQtdG91cmlzbWUuYmVcL3dwLWNvbnRlbnRcL3VwbG9hZHNcLzIwMjFcLzAxXC9cdTAwYTlCcmFzc2VyaWUtZGVzLVRjaGV0cy0xNC5qcGciLCJzbGlkZXNob3ciOiI4MDU2MDVkIn0%3D\" href='https:\/\/www.foretdesainthubert-tourisme.be\/wp-content\/uploads\/2021\/01\/\u00a9Brasserie-des-Tchets-14.jpg'><img loading=\"lazy\" decoding=\"async\" width=\"1280\" height=\"853\" src=\"https:\/\/www.foretdesainthubert-tourisme.be\/wp-content\/uploads\/2021\/01\/\u00a9Brasserie-des-Tchets-14.jpg\" class=\"attachment-full size-full\" alt=\"\" srcset=\"https:\/\/www.foretdesainthubert-tourisme.be\/wp-content\/uploads\/2021\/01\/\u00a9Brasserie-des-Tchets-14.jpg 1280w, https:\/\/www.foretdesainthubert-tourisme.be\/wp-content\/uploads\/2021\/01\/\u00a9Brasserie-des-Tchets-14-300x200.jpg 300w, https:\/\/www.foretdesainthubert-tourisme.be\/wp-content\/uploads\/2021\/01\/\u00a9Brasserie-des-Tchets-14-1024x682.jpg 1024w, https:\/\/www.foretdesainthubert-tourisme.be\/wp-content\/uploads\/2021\/01\/\u00a9Brasserie-des-Tchets-14-768x512.jpg 768w\" sizes=\"(max-width: 1280px) 100vw, 1280px\" \/><\/a>\n\t\t\t<\/div><\/figure>\n\t\t<\/div>\n\t\t<\/div>\n\t\t\t\t\t\t<\/div>\n\t\t\t\t\t<\/div>\n\t\t<\/div>\n\t\t\t\t\t<\/div>\n\t\t<\/section>\n\t\t\t\t<\/div>\n\t\t","protected":false},"excerpt":{"rendered":"<p>Visits All addresses Flavours from Celtic lands The itinary on Cirkwi A taste of the land The itinary on Cirkwi<\/p>\n","protected":false},"author":7,"featured_media":10060,"parent":8288,"menu_order":0,"comment_status":"closed","ping_status":"closed","template":"","meta":{"_seopress_robots_primary_cat":"","_seopress_titles_title":"","_seopress_titles_desc":"","_seopress_robots_index":"","site-sidebar-layout":"no-sidebar","site-content-layout":"page-builder","ast-site-content-layout":"default","site-content-style":"default","site-sidebar-style":"default","ast-global-header-display":"","ast-banner-title-visibility":"","ast-main-header-display":"","ast-hfb-above-header-display":"","ast-hfb-below-header-display":"","ast-hfb-mobile-header-display":"","site-post-title":"disabled","ast-breadcrumbs-content":"","ast-featured-img":"disabled","footer-sml-layout":"","ast-disable-related-posts":"","theme-transparent-header-meta":"default","adv-header-id-meta":"","stick-header-meta":"","header-above-stick-meta":"","header-main-stick-meta":"","header-below-stick-meta":"","astra-migrate-meta-layouts":"default","ast-page-background-enabled":"default","ast-page-background-meta":{"desktop":{"background-color":"","background-image":"","background-repeat":"repeat","background-position":"center center","background-size":"auto","background-attachment":"scroll","background-type":"","background-media":"","overlay-type":"","overlay-color":"","overlay-opacity":"","overlay-gradient":""},"tablet":{"background-color":"","background-image":"","background-repeat":"repeat","background-position":"center center","background-size":"auto","background-attachment":"scroll","background-type":"","background-media":"","overlay-type":"","overlay-color":"","overlay-opacity":"","overlay-gradient":""},"mobile":{"background-color":"","background-image":"","background-repeat":"repeat","background-position":"center center","background-size":"auto","background-attachment":"scroll","background-type":"","background-media":"","overlay-type":"","overlay-color":"","overlay-opacity":"","overlay-gradient":""}},"ast-content-background-meta":{"desktop":{"background-color":"var(--ast-global-color-5)","background-image":"","background-repeat":"repeat","background-position":"center center","background-size":"auto","background-attachment":"scroll","background-type":"","background-media":"","overlay-type":"","overlay-color":"","overlay-opacity":"","overlay-gradient":""},"tablet":{"background-color":"var(--ast-global-color-5)","background-image":"","background-repeat":"repeat","background-position":"center center","background-size":"auto","background-attachment":"scroll","background-type":"","background-media":"","overlay-type":"","overlay-color":"","overlay-opacity":"","overlay-gradient":""},"mobile":{"background-color":"var(--ast-global-color-5)","background-image":"","background-repeat":"repeat","background-position":"center center","background-size":"auto","background-attachment":"scroll","background-type":"","background-media":"","overlay-type":"","overlay-color":"","overlay-opacity":"","overlay-gradient":""}},"footnotes":""},"categories":[],"class_list":["post-7595","page","type-page","status-publish","has-post-thumbnail","hentry"],"_links":{"self":[{"href":"https:\/\/www.foretdesainthubert-tourisme.be\/en\/wp-json\/wp\/v2\/pages\/7595","targetHints":{"allow":["GET"]}}],"collection":[{"href":"https:\/\/www.foretdesainthubert-tourisme.be\/en\/wp-json\/wp\/v2\/pages"}],"about":[{"href":"https:\/\/www.foretdesainthubert-tourisme.be\/en\/wp-json\/wp\/v2\/types\/page"}],"author":[{"embeddable":true,"href":"https:\/\/www.foretdesainthubert-tourisme.be\/en\/wp-json\/wp\/v2\/users\/7"}],"replies":[{"embeddable":true,"href":"https:\/\/www.foretdesainthubert-tourisme.be\/en\/wp-json\/wp\/v2\/comments?post=7595"}],"version-history":[{"count":5,"href":"https:\/\/www.foretdesainthubert-tourisme.be\/en\/wp-json\/wp\/v2\/pages\/7595\/revisions"}],"predecessor-version":[{"id":36467,"href":"https:\/\/www.foretdesainthubert-tourisme.be\/en\/wp-json\/wp\/v2\/pages\/7595\/revisions\/36467"}],"up":[{"embeddable":true,"href":"https:\/\/www.foretdesainthubert-tourisme.be\/en\/wp-json\/wp\/v2\/pages\/8288"}],"wp:featuredmedia":[{"embeddable":true,"href":"https:\/\/www.foretdesainthubert-tourisme.be\/en\/wp-json\/wp\/v2\/media\/10060"}],"wp:attachment":[{"href":"https:\/\/www.foretdesainthubert-tourisme.be\/en\/wp-json\/wp\/v2\/media?parent=7595"}],"wp:term":[{"taxonomy":"category","embeddable":true,"href":"https:\/\/www.foretdesainthubert-tourisme.be\/en\/wp-json\/wp\/v2\/categories?post=7595"}],"curies":[{"name":"wp","href":"https:\/\/api.w.org\/{rel}","templated":true}]}}